{"id":988555,"date":"2025-11-12T06:17:07","date_gmt":"2025-11-12T06:17:07","guid":{"rendered":"https:\/\/www.neowell.co\/?page_id=988555"},"modified":"2025-11-25T13:49:39","modified_gmt":"2025-11-25T13:49:39","slug":"our-consultancy","status":"publish","type":"page","link":"https:\/\/www.neowell.co\/fr\/our-consultancy\/","title":{"rendered":"Nos services de conseil"},"content":{"rendered":"<div data-elementor-type=\"wp-page\" data-elementor-id=\"988555\" class=\"elementor elementor-988555\" data-elementor-post-type=\"page\">\n\t\t\t\t<div class=\"elementor-element elementor-element-43b54a5 e-flex e-con-boxed e-con e-parent\" data-id=\"43b54a5\" data-element_type=\"container\" data-e-type=\"container\" data-settings=\"{&quot;background_background&quot;:&quot;classic&quot;}\">\n\t\t\t\t\t<div class=\"e-con-inner\">\n\t\t<div class=\"elementor-element elementor-element-62e7827 e-con-full e-flex e-con e-child\" data-id=\"62e7827\" data-element_type=\"container\" data-e-type=\"container\">\n\t\t\t\t<div class=\"elementor-element elementor-element-7f26f8b elementor-invisible elementor-widget elementor-widget-heading\" data-id=\"7f26f8b\" data-element_type=\"widget\" data-e-type=\"widget\" data-settings=\"{&quot;_animation&quot;:&quot;fadeInDown&quot;,&quot;_animation_delay&quot;:200,&quot;_animation_tablet&quot;:&quot;none&quot;}\" data-widget_type=\"heading.default\">\n\t\t\t\t\t<h1 class=\"elementor-heading-title elementor-size-default\">Notre<br><em>Conseil <\/em><\/h1>\t\t\t\t<\/div>\n\t\t\t\t<\/div>\n\t\t\t\t\t<\/div>\n\t\t\t\t<\/div>\n\t\t<div class=\"elementor-element elementor-element-38e7f56 e-con-full e-flex e-con e-parent\" data-id=\"38e7f56\" data-element_type=\"container\" data-e-type=\"container\" data-settings=\"{&quot;background_background&quot;:&quot;classic&quot;}\">\n\t\t<div class=\"elementor-element elementor-element-73d4e57 e-con-full e-flex e-con e-child\" data-id=\"73d4e57\" data-element_type=\"container\" data-e-type=\"container\">\n\t\t\t\t<div class=\"elementor-element elementor-element-a11a08a elementor-invisible elementor-widget elementor-widget-heading\" data-id=\"a11a08a\" data-element_type=\"widget\" data-e-type=\"widget\" data-settings=\"{&quot;_animation&quot;:&quot;fadeInDown&quot;,&quot;_animation_delay&quot;:200,&quot;_animation_tablet&quot;:&quot;none&quot;}\" data-widget_type=\"heading.default\">\n\t\t\t\t\t<h2 class=\"elementor-heading-title elementor-size-default\">Bien-\u00eatre intelligent, <br><i>appliqu\u00e9 de mani\u00e8re r\u00e9fl\u00e9chie<\/i><\/h2>\t\t\t\t<\/div>\n\t\t\t\t<div class=\"elementor-element elementor-element-f438897 elementor-widget-tablet__width-initial elementor-widget elementor-widget-text-editor\" data-id=\"f438897\" data-element_type=\"widget\" data-e-type=\"widget\" data-widget_type=\"text-editor.default\">\n\t\t\t\t\t\t\t\t\t<p>Chez Neowell, nous reconnaissons que, tout comme chaque corps est unique, chaque entreprise l'est \u00e9galement.<\/p><p>Notre \u00e9quipe de consultants travaille en partenariat avec des promoteurs immobiliers, des architectes, des h\u00f4teliers, des innovateurs dans le domaine du bien-\u00eatre, des experts en performance et en r\u00e9cup\u00e9ration, ainsi que des clients priv\u00e9s afin de concevoir et d'int\u00e9grer des solutions de bien-\u00eatre avanc\u00e9es, fond\u00e9es sur la science, qui correspondent \u00e0 la vision, \u00e0 l'environnement et au public uniques de chaque client. Nous travaillons en collaboration avec des particuliers et des organisations qui cherchent \u00e0 int\u00e9grer des technologies de bien-\u00eatre dans leurs r\u00e9sidences et espaces priv\u00e9s, en cr\u00e9ant des environnements con\u00e7us pour restaurer, revitaliser et am\u00e9liorer le bien-\u00eatre.<\/p>\t\t\t\t\t\t\t\t<\/div>\n\t\t\t\t<\/div>\n\t\t\t\t<\/div>\n\t\t<div class=\"elementor-element elementor-element-e162c60 e-con-full e-flex e-con e-parent\" data-id=\"e162c60\" data-element_type=\"container\" data-e-type=\"container\">\n\t\t<div class=\"elementor-element elementor-element-c672dff e-con-full e-flex e-con e-child\" data-id=\"c672dff\" data-element_type=\"container\" data-e-type=\"container\" data-settings=\"{&quot;background_background&quot;:&quot;classic&quot;}\">\n\t\t\t\t<\/div>\n\t\t<div class=\"elementor-element elementor-element-9d42377 e-con-full e-flex e-con e-child\" data-id=\"9d42377\" data-element_type=\"container\" data-e-type=\"container\" data-settings=\"{&quot;background_background&quot;:&quot;classic&quot;}\">\n\t\t\t\t<div class=\"elementor-element elementor-element-41d1536 elementor-widget elementor-widget-text-editor\" data-id=\"41d1536\" data-element_type=\"widget\" data-e-type=\"widget\" data-widget_type=\"text-editor.default\">\n\t\t\t\t\t\t\t\t\t<p>Nous combinons connaissances scientifiques et approche humaine pour cr\u00e9er des exp\u00e9riences de bien-\u00eatre significatives. En comprenant comment les gens vivent, bougent et se r\u00e9tablissent, nous guidons nos clients dans le choix des technologies qui am\u00e9liorent le mieux leurs performances, leur r\u00e9cup\u00e9ration, leurs soins personnels et leur long\u00e9vit\u00e9. En nous appuyant sur notre portefeuille de technologies innovantes et \u00e9prouv\u00e9es, notamment les solutions Oxygen, Hydroxy et Infrared Light, nous cr\u00e9ons des exp\u00e9riences sur mesure qui s'int\u00e8grent parfaitement \u00e0 chaque espace.<\/p>\n<p>Notre r\u00f4le va au-del\u00e0 de la technologie. Nous offrons des conseils strat\u00e9giques \u00e0 chaque \u00e9tape, de la conception spatiale \u00e0 l'exp\u00e9rience utilisateur, en passant par l'int\u00e9gration du bien-\u00eatre et le positionnement de la marque, afin de garantir que chaque environnement soit fonctionnel, r\u00e9fl\u00e9chi et exceptionnel.<\/p>\n<p>Les solutions de conseil Neowell s'int\u00e8grent facilement dans divers secteurs, des cliniques de long\u00e9vit\u00e9 et sanctuaires de bien-\u00eatre aux centres de performance et de r\u00e9cup\u00e9ration, en passant par les lieux de travail, l'immobilier de luxe et les r\u00e9sidences priv\u00e9es. Chaque espace est con\u00e7u pour int\u00e9grer les avantages des technologies de bien-\u00eatre avanc\u00e9es dans la vie quotidienne, cr\u00e9ant ainsi des environnements qui permettent aux gens de se sentir mieux, de r\u00e9cup\u00e9rer plus rapidement et de vivre plus longtemps en pleine forme.<\/p>\n<p>Pour d\u00e9couvrir comment notre expertise en mati\u00e8re de conseil peut am\u00e9liorer votre offre de bien-\u00eatre, contactez l'un de nos sp\u00e9cialistes en technologie du bien-\u00eatre.\u00a0<\/p>\t\t\t\t\t\t\t\t<\/div>\n\t\t\t\t<\/div>\n\t\t\t\t<\/div>\n\t\t<div class=\"elementor-element elementor-element-bf17b96 e-flex e-con-boxed e-con e-parent\" data-id=\"bf17b96\" data-element_type=\"container\" data-e-type=\"container\" data-settings=\"{&quot;background_background&quot;:&quot;classic&quot;}\">\n\t\t\t\t\t<div class=\"e-con-inner\">\n\t\t<div class=\"elementor-element elementor-element-9f86436 e-con-full e-flex e-con e-child\" data-id=\"9f86436\" data-element_type=\"container\" data-e-type=\"container\">\n\t\t\t\t<div class=\"elementor-element elementor-element-4705e4e elementor-invisible elementor-widget elementor-widget-heading\" data-id=\"4705e4e\" data-element_type=\"widget\" data-e-type=\"widget\" data-settings=\"{&quot;_animation&quot;:&quot;fadeInDown&quot;,&quot;_animation_delay&quot;:200,&quot;_animation_tablet&quot;:&quot;none&quot;}\" data-widget_type=\"heading.default\">\n\t\t\t\t\t<h2 class=\"elementor-heading-title elementor-size-default\">notre <i>clients<\/i><\/h2>\t\t\t\t<\/div>\n\t\t\t\t<div class=\"elementor-element elementor-element-d28a49e elementor-widget-tablet__width-initial elementor-widget elementor-widget-text-editor\" data-id=\"d28a49e\" data-element_type=\"widget\" data-e-type=\"widget\" data-widget_type=\"text-editor.default\">\n\t\t\t\t\t\t\t\t\t<p>Nos clients red\u00e9finissent l'exp\u00e9rience du bien-\u00eatre, transformant le fitness en r\u00e9cup\u00e9ration, les lieux de travail en p\u00f4les dynamiques et les communaut\u00e9s en espaces de connexion. Ensemble, nous fa\u00e7onnons l'avenir d'un bien-\u00eatre accessible et ax\u00e9 sur la performance.<\/p>\t\t\t\t\t\t\t\t<\/div>\n\t\t\t\t<div class=\"elementor-element elementor-element-470c138 loopimg elementor-widget__width-initial elementor-widget-tablet__width-inherit elementor-widget elementor-widget-image-carousel\" data-id=\"470c138\" data-element_type=\"widget\" data-e-type=\"widget\" data-settings=\"{&quot;slides_to_show&quot;:&quot;3&quot;,&quot;slides_to_show_tablet&quot;:&quot;3&quot;,&quot;slides_to_show_mobile&quot;:&quot;3&quot;,&quot;slides_to_scroll&quot;:&quot;1&quot;,&quot;navigation&quot;:&quot;none&quot;,&quot;autoplay_speed&quot;:0,&quot;speed&quot;:5000,&quot;image_spacing_custom&quot;:{&quot;unit&quot;:&quot;px&quot;,&quot;size&quot;:150,&quot;sizes&quot;:[]},&quot;image_spacing_custom_tablet&quot;:{&quot;unit&quot;:&quot;px&quot;,&quot;size&quot;:70,&quot;sizes&quot;:[]},&quot;image_spacing_custom_mobile&quot;:{&quot;unit&quot;:&quot;px&quot;,&quot;size&quot;:40,&quot;sizes&quot;:[]},&quot;autoplay&quot;:&quot;yes&quot;,&quot;infinite&quot;:&quot;yes&quot;}\" data-widget_type=\"image-carousel.default\">\n\t\t\t\t\t\t\t<div class=\"elementor-image-carousel-wrapper swiper\" role=\"region\" aria-roledescription=\"carousel\" aria-label=\"Carrousel d&#039;images\" dir=\"ltr\">\n\t\t\t<div class=\"elementor-image-carousel swiper-wrapper swiper-image-stretch\" aria-live=\"off\">\n\t\t\t\t\t\t\t\t<div class=\"swiper-slide\" role=\"group\" aria-roledescription=\"slide\" aria-label=\"1 sur 8\"><figure class=\"swiper-slide-inner\"><img decoding=\"async\" class=\"swiper-slide-image\" src=\"https:\/\/www.neowell.co\/wp-content\/uploads\/2025\/09\/client-3.png\" alt=\"client 3\" \/><\/figure><\/div><div class=\"swiper-slide\" role=\"group\" aria-roledescription=\"slide\" aria-label=\"2 sur 8\"><figure class=\"swiper-slide-inner\"><img decoding=\"async\" class=\"swiper-slide-image\" src=\"https:\/\/www.neowell.co\/wp-content\/uploads\/2025\/09\/client-1.png\" alt=\"client 1\" \/><\/figure><\/div><div class=\"swiper-slide\" role=\"group\" aria-roledescription=\"slide\" aria-label=\"3 sur 8\"><figure class=\"swiper-slide-inner\"><img decoding=\"async\" class=\"swiper-slide-image\" src=\"https:\/\/www.neowell.co\/wp-content\/uploads\/2025\/09\/client-2.png\" alt=\"client 2\" \/><\/figure><\/div><div class=\"swiper-slide\" role=\"group\" aria-roledescription=\"slide\" aria-label=\"4 sur 8\"><figure class=\"swiper-slide-inner\"><img decoding=\"async\" class=\"swiper-slide-image\" src=\"https:\/\/www.neowell.co\/wp-content\/uploads\/2025\/10\/icon-1.png\" alt=\"ic\u00f4ne (1)\" \/><\/figure><\/div><div class=\"swiper-slide\" role=\"group\" aria-roledescription=\"slide\" aria-label=\"5 sur 8\"><figure class=\"swiper-slide-inner\"><img decoding=\"async\" class=\"swiper-slide-image\" src=\"https:\/\/www.neowell.co\/wp-content\/uploads\/2025\/10\/icon-2.png\" alt=\"ic\u00f4ne (2)\" \/><\/figure><\/div><div class=\"swiper-slide\" role=\"group\" aria-roledescription=\"slide\" aria-label=\"6 sur 8\"><figure class=\"swiper-slide-inner\"><img decoding=\"async\" class=\"swiper-slide-image\" src=\"https:\/\/www.neowell.co\/wp-content\/uploads\/2025\/10\/icon-3.png\" alt=\"ic\u00f4ne (3)\" \/><\/figure><\/div><div class=\"swiper-slide\" role=\"group\" aria-roledescription=\"slide\" aria-label=\"7 sur 8\"><figure class=\"swiper-slide-inner\"><img decoding=\"async\" class=\"swiper-slide-image\" src=\"https:\/\/www.neowell.co\/wp-content\/uploads\/2025\/10\/icon-4.png\" alt=\"ic\u00f4ne (4)\" \/><\/figure><\/div><div class=\"swiper-slide\" role=\"group\" aria-roledescription=\"slide\" aria-label=\"8 sur 8\"><figure class=\"swiper-slide-inner\"><img decoding=\"async\" class=\"swiper-slide-image\" src=\"https:\/\/www.neowell.co\/wp-content\/uploads\/2025\/10\/icon.png\" alt=\"ic\u00f4ne\" \/><\/figure><\/div>\t\t\t<\/div>\n\t\t\t\t\t\t\t\n\t\t\t\t\t\t\t\t\t<\/div>\n\t\t\t\t\t\t<\/div>\n\t\t\t\t<\/div>\n\t\t\t\t\t<\/div>\n\t\t\t\t<\/div>\n\t\t<div class=\"elementor-element elementor-element-990ccbc e-con-full e-flex e-con e-parent\" data-id=\"990ccbc\" data-element_type=\"container\" data-e-type=\"container\" data-settings=\"{&quot;background_background&quot;:&quot;classic&quot;}\">\n\t\t\t\t<div class=\"elementor-element elementor-element-fc0a661 elementor-invisible elementor-widget elementor-widget-heading\" data-id=\"fc0a661\" data-element_type=\"widget\" data-e-type=\"widget\" data-settings=\"{&quot;_animation&quot;:&quot;fadeInDown&quot;,&quot;_animation_delay&quot;:200,&quot;_animation_tablet&quot;:&quot;none&quot;}\" data-widget_type=\"heading.default\">\n\t\t\t\t\t<h2 class=\"elementor-heading-title elementor-size-default\">contactez-nous pour devenir partenaire <br><span style=\"color: #799C82\"><i>avec neowell <\/i><\/span>\n<\/h2>\t\t\t\t<\/div>\n\t\t\t\t<div class=\"vamtam-has-theme-widget-styles elementor-element elementor-element-cdf2e84 elementor-align-justify elementor-widget__width-initial vamtam-has-underline-anim elementor-invisible elementor-widget elementor-widget-button\" data-id=\"cdf2e84\" data-element_type=\"widget\" data-e-type=\"widget\" data-settings=\"{&quot;_animation&quot;:&quot;fadeInDown&quot;,&quot;_animation_delay&quot;:300}\" data-widget_type=\"button.default\">\n\t\t\t\t\t\t\t\t\t\t<a class=\"elementor-button elementor-button-link elementor-size-sm\" href=\"\/fr\/contact-us\/\">\n\t\t\t\t\t\t<span class=\"elementor-button-content-wrapper\">\n\t\t\t\t\t\t\t\t\t<span class=\"elementor-button-text\">CONTACTEZ-NOUS<\/span>\n\t\t\t\t\t<\/span>\n\t\t\t\t\t<\/a>\n\t\t\t\t\t\t\t\t<\/div>\n\t\t\t\t<\/div>\n\t\t\t\t<\/div>","protected":false},"excerpt":{"rendered":"<p>OurConsultancy Intelligent wellness, thoughtfully applied At Neowell, we recognise that just as every body is unique, so is every business. Our Consultancy team partners with developers, architects, hoteliers, wellness innovators, performance and recovery experts, and private clients to design and integrate advanced wellness solutions grounded in science that align with each client\u2019s unique vision, environment&#8230;<\/p>","protected":false},"author":1,"featured_media":0,"parent":0,"menu_order":0,"comment_status":"closed","ping_status":"closed","template":"","meta":{"footnotes":""},"class_list":["post-988555","page","type-page","status-publish","hentry"],"yoast_head":"<!-- This site is optimized with the Yoast SEO plugin v27.3 - https:\/\/yoast.com\/product\/yoast-seo-wordpress\/ -->\n<title>B2B Consultancy | Melbourne | Neowell<\/title>\n<meta name=\"description\" content=\"We recognise that just as every body is unique, so is every business. We work with our clients to understand their individual wellness needs and aspirations.\" \/>\n<meta name=\"robots\" content=\"index, follow, max-snippet:-1, max-image-preview:large, max-video-preview:-1\" \/>\n<link rel=\"canonical\" href=\"https:\/\/www.neowell.co\/fr\/our-consultancy\/\" \/>\n<meta property=\"og:locale\" content=\"fr_FR\" \/>\n<meta property=\"og:type\" content=\"article\" \/>\n<meta property=\"og:title\" content=\"B2B Consultancy | Melbourne | Neowell\" \/>\n<meta property=\"og:description\" content=\"We recognise that just as every body is unique, so is every business. We work with our clients to understand their individual wellness needs and aspirations.\" \/>\n<meta property=\"og:url\" content=\"https:\/\/www.neowell.co\/fr\/our-consultancy\/\" \/>\n<meta property=\"og:site_name\" content=\"Neowell Limited\" \/>\n<meta property=\"article:modified_time\" content=\"2025-11-25T13:49:39+00:00\" \/>\n<meta property=\"og:image\" content=\"https:\/\/www.neowell.co\/wp-content\/uploads\/2025\/09\/client-3.png\" \/>\n<meta name=\"twitter:card\" content=\"summary_large_image\" \/>\n<meta name=\"twitter:label1\" content=\"Dur\u00e9e de lecture estim\u00e9e\" \/>\n\t<meta name=\"twitter:data1\" content=\"3 minutes\" \/>\n<script type=\"application\/ld+json\" class=\"yoast-schema-graph\">{\"@context\":\"https:\\\/\\\/schema.org\",\"@graph\":[{\"@type\":\"WebPage\",\"@id\":\"https:\\\/\\\/www.neowell.co\\\/our-consultancy\\\/\",\"url\":\"https:\\\/\\\/www.neowell.co\\\/our-consultancy\\\/\",\"name\":\"B2B Consultancy | Melbourne | Neowell\",\"isPartOf\":{\"@id\":\"https:\\\/\\\/www.neowell.co\\\/#website\"},\"primaryImageOfPage\":{\"@id\":\"https:\\\/\\\/www.neowell.co\\\/our-consultancy\\\/#primaryimage\"},\"image\":{\"@id\":\"https:\\\/\\\/www.neowell.co\\\/our-consultancy\\\/#primaryimage\"},\"thumbnailUrl\":\"https:\\\/\\\/www.neowell.co\\\/wp-content\\\/uploads\\\/2025\\\/09\\\/client-3.png\",\"datePublished\":\"2025-11-12T06:17:07+00:00\",\"dateModified\":\"2025-11-25T13:49:39+00:00\",\"description\":\"We recognise that just as every body is unique, so is every business. We work with our clients to understand their individual wellness needs and aspirations.\",\"breadcrumb\":{\"@id\":\"https:\\\/\\\/www.neowell.co\\\/our-consultancy\\\/#breadcrumb\"},\"inLanguage\":\"fr-FR\",\"potentialAction\":[{\"@type\":\"ReadAction\",\"target\":[\"https:\\\/\\\/www.neowell.co\\\/our-consultancy\\\/\"]}]},{\"@type\":\"ImageObject\",\"inLanguage\":\"fr-FR\",\"@id\":\"https:\\\/\\\/www.neowell.co\\\/our-consultancy\\\/#primaryimage\",\"url\":\"https:\\\/\\\/www.neowell.co\\\/wp-content\\\/uploads\\\/2025\\\/09\\\/client-3.png\",\"contentUrl\":\"https:\\\/\\\/www.neowell.co\\\/wp-content\\\/uploads\\\/2025\\\/09\\\/client-3.png\"},{\"@type\":\"BreadcrumbList\",\"@id\":\"https:\\\/\\\/www.neowell.co\\\/our-consultancy\\\/#breadcrumb\",\"itemListElement\":[{\"@type\":\"ListItem\",\"position\":1,\"name\":\"Home\",\"item\":\"https:\\\/\\\/www.neowell.co\\\/\"},{\"@type\":\"ListItem\",\"position\":2,\"name\":\"Our Consultancy\"}]},{\"@type\":\"WebSite\",\"@id\":\"https:\\\/\\\/www.neowell.co\\\/#website\",\"url\":\"https:\\\/\\\/www.neowell.co\\\/\",\"name\":\"Neowell Limited\",\"description\":\"\",\"publisher\":{\"@id\":\"https:\\\/\\\/www.neowell.co\\\/#organization\"},\"potentialAction\":[{\"@type\":\"SearchAction\",\"target\":{\"@type\":\"EntryPoint\",\"urlTemplate\":\"https:\\\/\\\/www.neowell.co\\\/?s={search_term_string}\"},\"query-input\":{\"@type\":\"PropertyValueSpecification\",\"valueRequired\":true,\"valueName\":\"search_term_string\"}}],\"inLanguage\":\"fr-FR\"},{\"@type\":\"Organization\",\"@id\":\"https:\\\/\\\/www.neowell.co\\\/#organization\",\"name\":\"Neowell Limited\",\"url\":\"https:\\\/\\\/www.neowell.co\\\/\",\"logo\":{\"@type\":\"ImageObject\",\"inLanguage\":\"fr-FR\",\"@id\":\"https:\\\/\\\/www.neowell.co\\\/#\\\/schema\\\/logo\\\/image\\\/\",\"url\":\"https:\\\/\\\/www.neowell.co\\\/wp-content\\\/uploads\\\/2023\\\/01\\\/neowell-newlogo-icon.png\",\"contentUrl\":\"https:\\\/\\\/www.neowell.co\\\/wp-content\\\/uploads\\\/2023\\\/01\\\/neowell-newlogo-icon.png\",\"width\":512,\"height\":512,\"caption\":\"Neowell Limited\"},\"image\":{\"@id\":\"https:\\\/\\\/www.neowell.co\\\/#\\\/schema\\\/logo\\\/image\\\/\"}}]}<\/script>\n<!-- \/ Yoast SEO plugin. -->","yoast_head_json":{"title":"Conseil B2B | Melbourne | Neowell","description":"Nous reconnaissons que, tout comme chaque corps est unique, chaque entreprise l'est \u00e9galement. Nous travaillons avec nos clients pour comprendre leurs besoins et leurs aspirations individuels en mati\u00e8re de bien-\u00eatre.","robots":{"index":"index","follow":"follow","max-snippet":"max-snippet:-1","max-image-preview":"max-image-preview:large","max-video-preview":"max-video-preview:-1"},"canonical":"https:\/\/www.neowell.co\/fr\/our-consultancy\/","og_locale":"fr_FR","og_type":"article","og_title":"B2B Consultancy | Melbourne | Neowell","og_description":"We recognise that just as every body is unique, so is every business. We work with our clients to understand their individual wellness needs and aspirations.","og_url":"https:\/\/www.neowell.co\/fr\/our-consultancy\/","og_site_name":"Neowell Limited","article_modified_time":"2025-11-25T13:49:39+00:00","og_image":[{"url":"https:\/\/www.neowell.co\/wp-content\/uploads\/2025\/09\/client-3.png","type":"","width":"","height":""}],"twitter_card":"summary_large_image","twitter_misc":{"Dur\u00e9e de lecture estim\u00e9e":"3 minutes"},"schema":{"@context":"https:\/\/schema.org","@graph":[{"@type":"WebPage","@id":"https:\/\/www.neowell.co\/our-consultancy\/","url":"https:\/\/www.neowell.co\/our-consultancy\/","name":"Conseil B2B | Melbourne | Neowell","isPartOf":{"@id":"https:\/\/www.neowell.co\/#website"},"primaryImageOfPage":{"@id":"https:\/\/www.neowell.co\/our-consultancy\/#primaryimage"},"image":{"@id":"https:\/\/www.neowell.co\/our-consultancy\/#primaryimage"},"thumbnailUrl":"https:\/\/www.neowell.co\/wp-content\/uploads\/2025\/09\/client-3.png","datePublished":"2025-11-12T06:17:07+00:00","dateModified":"2025-11-25T13:49:39+00:00","description":"Nous reconnaissons que, tout comme chaque corps est unique, chaque entreprise l'est \u00e9galement. Nous travaillons avec nos clients pour comprendre leurs besoins et leurs aspirations individuels en mati\u00e8re de bien-\u00eatre.","breadcrumb":{"@id":"https:\/\/www.neowell.co\/our-consultancy\/#breadcrumb"},"inLanguage":"fr-FR","potentialAction":[{"@type":"ReadAction","target":["https:\/\/www.neowell.co\/our-consultancy\/"]}]},{"@type":"ImageObject","inLanguage":"fr-FR","@id":"https:\/\/www.neowell.co\/our-consultancy\/#primaryimage","url":"https:\/\/www.neowell.co\/wp-content\/uploads\/2025\/09\/client-3.png","contentUrl":"https:\/\/www.neowell.co\/wp-content\/uploads\/2025\/09\/client-3.png"},{"@type":"BreadcrumbList","@id":"https:\/\/www.neowell.co\/our-consultancy\/#breadcrumb","itemListElement":[{"@type":"ListItem","position":1,"name":"Home","item":"https:\/\/www.neowell.co\/"},{"@type":"ListItem","position":2,"name":"Our Consultancy"}]},{"@type":"WebSite","@id":"https:\/\/www.neowell.co\/#website","url":"https:\/\/www.neowell.co\/","name":"Neowell Limited","description":"","publisher":{"@id":"https:\/\/www.neowell.co\/#organization"},"potentialAction":[{"@type":"SearchAction","target":{"@type":"EntryPoint","urlTemplate":"https:\/\/www.neowell.co\/?s={search_term_string}"},"query-input":{"@type":"PropertyValueSpecification","valueRequired":true,"valueName":"search_term_string"}}],"inLanguage":"fr-FR"},{"@type":"Organization","@id":"https:\/\/www.neowell.co\/#organization","name":"Neowell Limited","url":"https:\/\/www.neowell.co\/","logo":{"@type":"ImageObject","inLanguage":"fr-FR","@id":"https:\/\/www.neowell.co\/#\/schema\/logo\/image\/","url":"https:\/\/www.neowell.co\/wp-content\/uploads\/2023\/01\/neowell-newlogo-icon.png","contentUrl":"https:\/\/www.neowell.co\/wp-content\/uploads\/2023\/01\/neowell-newlogo-icon.png","width":512,"height":512,"caption":"Neowell Limited"},"image":{"@id":"https:\/\/www.neowell.co\/#\/schema\/logo\/image\/"}}]}},"_links":{"self":[{"href":"https:\/\/www.neowell.co\/fr\/wp-json\/wp\/v2\/pages\/988555","targetHints":{"allow":["GET"]}}],"collection":[{"href":"https:\/\/www.neowell.co\/fr\/wp-json\/wp\/v2\/pages"}],"about":[{"href":"https:\/\/www.neowell.co\/fr\/wp-json\/wp\/v2\/types\/page"}],"author":[{"embeddable":true,"href":"https:\/\/www.neowell.co\/fr\/wp-json\/wp\/v2\/users\/1"}],"replies":[{"embeddable":true,"href":"https:\/\/www.neowell.co\/fr\/wp-json\/wp\/v2\/comments?post=988555"}],"version-history":[{"count":16,"href":"https:\/\/www.neowell.co\/fr\/wp-json\/wp\/v2\/pages\/988555\/revisions"}],"predecessor-version":[{"id":988835,"href":"https:\/\/www.neowell.co\/fr\/wp-json\/wp\/v2\/pages\/988555\/revisions\/988835"}],"wp:attachment":[{"href":"https:\/\/www.neowell.co\/fr\/wp-json\/wp\/v2\/media?parent=988555"}],"curies":[{"name":"wp","href":"https:\/\/api.w.org\/{rel}","templated":true}]}}