{"id":988686,"date":"2025-11-14T05:14:18","date_gmt":"2025-11-14T05:14:18","guid":{"rendered":"https:\/\/www.neowell.co\/?page_id=988686"},"modified":"2026-02-26T06:20:50","modified_gmt":"2026-02-26T06:20:50","slug":"contact-us","status":"publish","type":"page","link":"https:\/\/www.neowell.co\/es\/contact-us\/","title":{"rendered":"Cont\u00e1ctenos"},"content":{"rendered":"\t\t<div data-elementor-type=\"wp-page\" data-elementor-id=\"988686\" class=\"elementor elementor-988686\" data-elementor-post-type=\"page\">\n\t\t\t\t<div class=\"elementor-element elementor-element-43b54a5 e-flex e-con-boxed e-con e-parent\" data-id=\"43b54a5\" data-element_type=\"container\" data-e-type=\"container\" data-settings=\"{&quot;background_background&quot;:&quot;classic&quot;}\">\n\t\t\t\t\t<div class=\"e-con-inner\">\n\t\t<div class=\"elementor-element elementor-element-62e7827 e-con-full e-flex e-con e-child\" data-id=\"62e7827\" data-element_type=\"container\" data-e-type=\"container\">\n\t\t\t\t<div class=\"elementor-element elementor-element-7f26f8b elementor-invisible elementor-widget elementor-widget-heading\" data-id=\"7f26f8b\" data-element_type=\"widget\" data-e-type=\"widget\" data-settings=\"{&quot;_animation&quot;:&quot;fadeInDown&quot;,&quot;_animation_delay&quot;:200,&quot;_animation_tablet&quot;:&quot;none&quot;}\" data-widget_type=\"heading.default\">\n\t\t\t\t\t<h1 class=\"elementor-heading-title elementor-size-default\">Contact<br><em>Us <\/em><\/h1>\t\t\t\t<\/div>\n\t\t\t\t<\/div>\n\t\t\t\t\t<\/div>\n\t\t\t\t<\/div>\n\t\t<div class=\"elementor-element elementor-element-990ccbc e-con-full e-flex e-con e-parent\" data-id=\"990ccbc\" data-element_type=\"container\" data-e-type=\"container\" data-settings=\"{&quot;background_background&quot;:&quot;classic&quot;}\">\n\t\t\t\t<div class=\"elementor-element elementor-element-fc0a661 elementor-invisible elementor-widget elementor-widget-heading\" data-id=\"fc0a661\" data-element_type=\"widget\" data-e-type=\"widget\" data-settings=\"{&quot;_animation&quot;:&quot;fadeInDown&quot;,&quot;_animation_delay&quot;:200,&quot;_animation_tablet&quot;:&quot;none&quot;}\" data-widget_type=\"heading.default\">\n\t\t\t\t\t<h2 class=\"elementor-heading-title elementor-size-default\">contact us to start<br><span style=\"color: #2E566E\"><i>your wellness journey<\/i><\/span>\n<\/h2>\t\t\t\t<\/div>\n\t\t<div class=\"elementor-element elementor-element-de073e8 e-flex e-con-boxed e-con e-child\" data-id=\"de073e8\" data-element_type=\"container\" data-e-type=\"container\">\n\t\t\t\t\t<div class=\"e-con-inner\">\n\t\t\t\t<div class=\"elementor-element elementor-element-a14b90e contfrom1 elementor-widget elementor-widget-wpforms\" data-id=\"a14b90e\" data-element_type=\"widget\" data-e-type=\"widget\" data-widget_type=\"wpforms.default\">\n\t\t\t\t<div class=\"elementor-widget-container\">\n\t\t\t\t\t<div class=\"wpforms-container wpforms-render-modern\" id=\"wpforms-988694\"><form id=\"wpforms-form-988694\" class=\"wpforms-validate wpforms-form wpforms-ajax-form\" data-formid=\"988694\" method=\"post\" enctype=\"multipart\/form-data\" action=\"\/es\/wp-json\/wp\/v2\/pages\/988686\" data-token=\"549d639a6f01c487078f2625bd2a3be2\" data-token-time=\"1776325835\"><noscript class=\"wpforms-error-noscript\">Por favor, activa JavaScript en tu navegador para completar este formulario.<\/noscript><div id=\"wpforms-error-noscript\" style=\"display: none;\">Por favor, activa JavaScript en tu navegador para completar este formulario.<\/div><div class=\"wpforms-field-container\"><div id=\"wpforms-988694-field_11-container\" class=\"wpforms-field wpforms-field-name\" data-field-id=\"11\"><fieldset><legend class=\"wpforms-field-label wpforms-label-hide\" aria-hidden=\"false\">Customer Full Name <span class=\"wpforms-required-label\" aria-hidden=\"true\">*<\/span><\/legend><div class=\"wpforms-field-row wpforms-field-large\"><div class=\"wpforms-field-row-block wpforms-first wpforms-one-half\"><input type=\"text\" id=\"wpforms-988694-field_11\" class=\"wpforms-field-name-first wpforms-field-required\" name=\"wpforms[fields][11][first]\" placeholder=\"First Name\" aria-errormessage=\"wpforms-988694-field_11-error\" required><label for=\"wpforms-988694-field_11\" class=\"wpforms-field-sublabel after wpforms-sublabel-hide\">Nombre<\/label><\/div><div class=\"wpforms-field-row-block wpforms-one-half\"><input type=\"text\" id=\"wpforms-988694-field_11-last\" class=\"wpforms-field-name-last wpforms-field-required\" name=\"wpforms[fields][11][last]\" placeholder=\"Last Name\" aria-errormessage=\"wpforms-988694-field_11-last-error\" required><label for=\"wpforms-988694-field_11-last\" class=\"wpforms-field-sublabel after wpforms-sublabel-hide\">Apellidos<\/label><\/div><\/div><\/fieldset><\/div><div id=\"wpforms-988694-field_6-container\" class=\"wpforms-field wpforms-field-phone\" data-field-id=\"6\"><label class=\"wpforms-field-label wpforms-label-hide\" for=\"wpforms-988694-field_6\" aria-hidden=\"false\">Contact Number <span class=\"wpforms-required-label\" aria-hidden=\"true\">*<\/span><\/label><input type=\"tel\" id=\"wpforms-988694-field_6\" class=\"wpforms-field-large wpforms-field-required wpforms-smart-phone-field\" data-rule-smart-phone-field=\"true\" name=\"wpforms[fields][6]\" placeholder=\"Contact number\" aria-label=\"Contact Number\" aria-errormessage=\"wpforms-988694-field_6-error\" required><\/div><div id=\"wpforms-988694-field_1-container\" class=\"wpforms-field wpforms-field-text\" data-field-id=\"1\"><label class=\"wpforms-field-label wpforms-label-hide\" for=\"wpforms-988694-field_1\" aria-hidden=\"false\">Country <span class=\"wpforms-required-label\" aria-hidden=\"true\">*<\/span><\/label><input type=\"text\" id=\"wpforms-988694-field_1\" class=\"wpforms-field-large wpforms-field-required\" name=\"wpforms[fields][1]\" placeholder=\"Country\" aria-errormessage=\"wpforms-988694-field_1-error\" required><\/div><div id=\"wpforms-988694-field_8-container\" class=\"wpforms-field wpforms-field-text\" data-field-id=\"8\"><label class=\"wpforms-field-label wpforms-label-hide\" for=\"wpforms-988694-field_8\" aria-hidden=\"false\">Company Name<\/label><input type=\"text\" id=\"wpforms-988694-field_8\" class=\"wpforms-field-large\" name=\"wpforms[fields][8]\" placeholder=\"Company\" aria-errormessage=\"wpforms-988694-field_8-error\" ><\/div><div id=\"wpforms-988694-field_5-container\" class=\"wpforms-field wpforms-field-email\" data-field-id=\"5\"><label class=\"wpforms-field-label wpforms-label-hide\" for=\"wpforms-988694-field_5\" aria-hidden=\"false\">Email <span class=\"wpforms-required-label\" aria-hidden=\"true\">*<\/span><\/label><input type=\"email\" id=\"wpforms-988694-field_5\" class=\"wpforms-field-large wpforms-field-required\" name=\"wpforms[fields][5]\" placeholder=\"Email\" spellcheck=\"false\" aria-errormessage=\"wpforms-988694-field_5-error\" required><\/div><div id=\"wpforms-988694-field_3-container\" class=\"wpforms-field wpforms-field-textarea\" data-field-id=\"3\"><label class=\"wpforms-field-label wpforms-label-hide\" for=\"wpforms-988694-field_3\" aria-hidden=\"false\">Your message <span class=\"wpforms-required-label\" aria-hidden=\"true\">*<\/span><\/label><textarea id=\"wpforms-988694-field_3\" class=\"wpforms-field-medium wpforms-field-required\" name=\"wpforms[fields][3]\" placeholder=\"Your message\" aria-errormessage=\"wpforms-988694-field_3-error\" required><\/textarea><\/div><\/div><!-- .wpforms-field-container --><div class=\"wpforms-recaptcha-container wpforms-is-recaptcha wpforms-is-recaptcha-type-v3\" ><input type=\"hidden\" name=\"wpforms[recaptcha]\" value=\"\"><\/div><div class=\"wpforms-submit-container\" ><input type=\"hidden\" name=\"wpforms[id]\" value=\"988694\"><input type=\"hidden\" name=\"page_title\" value=\"\"><input type=\"hidden\" name=\"page_url\" value=\"https:\/\/www.neowell.co\/es\/wp-json\/wp\/v2\/pages\/988686\"><input type=\"hidden\" name=\"url_referer\" value=\"\"><button type=\"submit\" name=\"wpforms[submit]\" id=\"wpforms-submit-988694\" class=\"wpforms-submit\" data-alt-text=\"Sending...\" data-submit-text=\"SUBMIT\" aria-live=\"assertive\" value=\"wpforms-submit\">SUBMIT<\/button><img decoding=\"async\" src=\"https:\/\/www.neowell.co\/wp-content\/plugins\/wpforms\/assets\/images\/submit-spin.svg\" class=\"wpforms-submit-spinner\" style=\"display: none;\" width=\"26\" height=\"26\" alt=\"Cargando\"><\/div><\/form><\/div>  <!-- .wpforms-container -->\t\t\t\t<\/div>\n\t\t\t\t<\/div>\n\t\t\t\t\t<\/div>\n\t\t\t\t<\/div>\n\t\t\t\t<\/div>\n\t\t\t\t<\/div>\n\t\t","protected":false},"excerpt":{"rendered":"<p>ContactUs contact us to startyour wellness journey Please enable JavaScript in your browser to complete this form.Please enable JavaScript in your browser to complete this form.Name *Surname *Country *Contact no. * Email *Your message * SUBMIT<\/p>","protected":false},"author":1,"featured_media":0,"parent":0,"menu_order":0,"comment_status":"closed","ping_status":"closed","template":"","meta":{"footnotes":""},"class_list":["post-988686","page","type-page","status-publish","hentry"],"yoast_head":"<!-- This site is optimized with the Yoast SEO plugin v27.3 - https:\/\/yoast.com\/product\/yoast-seo-wordpress\/ -->\n<title>Contact Us | Melbourne | Neowell<\/title>\n<meta name=\"description\" content=\"We work globally but we call Melbourne our home. If you\u2019d like to know more about us or our solutions please get in touch.\" \/>\n<meta name=\"robots\" content=\"index, follow, max-snippet:-1, max-image-preview:large, max-video-preview:-1\" \/>\n<link rel=\"canonical\" href=\"https:\/\/www.neowell.co\/es\/contact-us\/\" \/>\n<meta property=\"og:locale\" content=\"es_ES\" \/>\n<meta property=\"og:type\" content=\"article\" \/>\n<meta property=\"og:title\" content=\"Contact Us | Melbourne | Neowell\" \/>\n<meta property=\"og:description\" content=\"We work globally but we call Melbourne our home. If you\u2019d like to know more about us or our solutions please get in touch.\" \/>\n<meta property=\"og:url\" content=\"https:\/\/www.neowell.co\/es\/contact-us\/\" \/>\n<meta property=\"og:site_name\" content=\"Neowell Limited\" \/>\n<meta property=\"article:modified_time\" content=\"2026-02-26T06:20:50+00:00\" \/>\n<meta property=\"og:image\" content=\"https:\/\/www.neowell.co\/wp-content\/plugins\/wpforms\/assets\/images\/submit-spin.svg\" \/>\n<meta name=\"twitter:card\" content=\"summary_large_image\" \/>\n<meta name=\"twitter:label1\" content=\"Tiempo de lectura\" \/>\n\t<meta name=\"twitter:data1\" content=\"1 minuto\" \/>\n<script type=\"application\/ld+json\" class=\"yoast-schema-graph\">{\"@context\":\"https:\\\/\\\/schema.org\",\"@graph\":[{\"@type\":\"WebPage\",\"@id\":\"https:\\\/\\\/www.neowell.co\\\/contact-us\\\/\",\"url\":\"https:\\\/\\\/www.neowell.co\\\/contact-us\\\/\",\"name\":\"Contact Us | Melbourne | Neowell\",\"isPartOf\":{\"@id\":\"https:\\\/\\\/www.neowell.co\\\/#website\"},\"primaryImageOfPage\":{\"@id\":\"https:\\\/\\\/www.neowell.co\\\/contact-us\\\/#primaryimage\"},\"image\":{\"@id\":\"https:\\\/\\\/www.neowell.co\\\/contact-us\\\/#primaryimage\"},\"thumbnailUrl\":\"https:\\\/\\\/www.neowell.co\\\/wp-content\\\/plugins\\\/wpforms\\\/assets\\\/images\\\/submit-spin.svg\",\"datePublished\":\"2025-11-14T05:14:18+00:00\",\"dateModified\":\"2026-02-26T06:20:50+00:00\",\"description\":\"We work globally but we call Melbourne our home. If you\u2019d like to know more about us or our solutions please get in touch.\",\"breadcrumb\":{\"@id\":\"https:\\\/\\\/www.neowell.co\\\/contact-us\\\/#breadcrumb\"},\"inLanguage\":\"es\",\"potentialAction\":[{\"@type\":\"ReadAction\",\"target\":[\"https:\\\/\\\/www.neowell.co\\\/contact-us\\\/\"]}]},{\"@type\":\"ImageObject\",\"inLanguage\":\"es\",\"@id\":\"https:\\\/\\\/www.neowell.co\\\/contact-us\\\/#primaryimage\",\"url\":\"https:\\\/\\\/www.neowell.co\\\/wp-content\\\/plugins\\\/wpforms\\\/assets\\\/images\\\/submit-spin.svg\",\"contentUrl\":\"https:\\\/\\\/www.neowell.co\\\/wp-content\\\/plugins\\\/wpforms\\\/assets\\\/images\\\/submit-spin.svg\"},{\"@type\":\"BreadcrumbList\",\"@id\":\"https:\\\/\\\/www.neowell.co\\\/contact-us\\\/#breadcrumb\",\"itemListElement\":[{\"@type\":\"ListItem\",\"position\":1,\"name\":\"Home\",\"item\":\"https:\\\/\\\/www.neowell.co\\\/\"},{\"@type\":\"ListItem\",\"position\":2,\"name\":\"Contact Us\"}]},{\"@type\":\"WebSite\",\"@id\":\"https:\\\/\\\/www.neowell.co\\\/#website\",\"url\":\"https:\\\/\\\/www.neowell.co\\\/\",\"name\":\"Neowell Limited\",\"description\":\"\",\"publisher\":{\"@id\":\"https:\\\/\\\/www.neowell.co\\\/#organization\"},\"potentialAction\":[{\"@type\":\"SearchAction\",\"target\":{\"@type\":\"EntryPoint\",\"urlTemplate\":\"https:\\\/\\\/www.neowell.co\\\/?s={search_term_string}\"},\"query-input\":{\"@type\":\"PropertyValueSpecification\",\"valueRequired\":true,\"valueName\":\"search_term_string\"}}],\"inLanguage\":\"es\"},{\"@type\":\"Organization\",\"@id\":\"https:\\\/\\\/www.neowell.co\\\/#organization\",\"name\":\"Neowell Limited\",\"url\":\"https:\\\/\\\/www.neowell.co\\\/\",\"logo\":{\"@type\":\"ImageObject\",\"inLanguage\":\"es\",\"@id\":\"https:\\\/\\\/www.neowell.co\\\/#\\\/schema\\\/logo\\\/image\\\/\",\"url\":\"https:\\\/\\\/www.neowell.co\\\/wp-content\\\/uploads\\\/2023\\\/01\\\/neowell-newlogo-icon.png\",\"contentUrl\":\"https:\\\/\\\/www.neowell.co\\\/wp-content\\\/uploads\\\/2023\\\/01\\\/neowell-newlogo-icon.png\",\"width\":512,\"height\":512,\"caption\":\"Neowell Limited\"},\"image\":{\"@id\":\"https:\\\/\\\/www.neowell.co\\\/#\\\/schema\\\/logo\\\/image\\\/\"}}]}<\/script>\n<!-- \/ Yoast SEO plugin. -->","yoast_head_json":{"title":"Cont\u00e1ctenos | Melbourne | Neowell","description":"Trabajamos a nivel mundial, pero consideramos Melbourne nuestro hogar. Si desea obtener m\u00e1s informaci\u00f3n sobre nosotros o nuestras soluciones, p\u00f3ngase en contacto con nosotros.","robots":{"index":"index","follow":"follow","max-snippet":"max-snippet:-1","max-image-preview":"max-image-preview:large","max-video-preview":"max-video-preview:-1"},"canonical":"https:\/\/www.neowell.co\/es\/contact-us\/","og_locale":"es_ES","og_type":"article","og_title":"Contact Us | Melbourne | Neowell","og_description":"We work globally but we call Melbourne our home. If you\u2019d like to know more about us or our solutions please get in touch.","og_url":"https:\/\/www.neowell.co\/es\/contact-us\/","og_site_name":"Neowell Limited","article_modified_time":"2026-02-26T06:20:50+00:00","og_image":[{"url":"https:\/\/www.neowell.co\/wp-content\/plugins\/wpforms\/assets\/images\/submit-spin.svg","type":"","width":"","height":""}],"twitter_card":"summary_large_image","twitter_misc":{"Tiempo de lectura":"1 minuto"},"schema":{"@context":"https:\/\/schema.org","@graph":[{"@type":"WebPage","@id":"https:\/\/www.neowell.co\/contact-us\/","url":"https:\/\/www.neowell.co\/contact-us\/","name":"Cont\u00e1ctenos | Melbourne | Neowell","isPartOf":{"@id":"https:\/\/www.neowell.co\/#website"},"primaryImageOfPage":{"@id":"https:\/\/www.neowell.co\/contact-us\/#primaryimage"},"image":{"@id":"https:\/\/www.neowell.co\/contact-us\/#primaryimage"},"thumbnailUrl":"https:\/\/www.neowell.co\/wp-content\/plugins\/wpforms\/assets\/images\/submit-spin.svg","datePublished":"2025-11-14T05:14:18+00:00","dateModified":"2026-02-26T06:20:50+00:00","description":"Trabajamos a nivel mundial, pero consideramos Melbourne nuestro hogar. Si desea obtener m\u00e1s informaci\u00f3n sobre nosotros o nuestras soluciones, p\u00f3ngase en contacto con nosotros.","breadcrumb":{"@id":"https:\/\/www.neowell.co\/contact-us\/#breadcrumb"},"inLanguage":"es","potentialAction":[{"@type":"ReadAction","target":["https:\/\/www.neowell.co\/contact-us\/"]}]},{"@type":"ImageObject","inLanguage":"es","@id":"https:\/\/www.neowell.co\/contact-us\/#primaryimage","url":"https:\/\/www.neowell.co\/wp-content\/plugins\/wpforms\/assets\/images\/submit-spin.svg","contentUrl":"https:\/\/www.neowell.co\/wp-content\/plugins\/wpforms\/assets\/images\/submit-spin.svg"},{"@type":"BreadcrumbList","@id":"https:\/\/www.neowell.co\/contact-us\/#breadcrumb","itemListElement":[{"@type":"ListItem","position":1,"name":"Home","item":"https:\/\/www.neowell.co\/"},{"@type":"ListItem","position":2,"name":"Contact Us"}]},{"@type":"WebSite","@id":"https:\/\/www.neowell.co\/#website","url":"https:\/\/www.neowell.co\/","name":"Neowell Limited","description":"","publisher":{"@id":"https:\/\/www.neowell.co\/#organization"},"potentialAction":[{"@type":"SearchAction","target":{"@type":"EntryPoint","urlTemplate":"https:\/\/www.neowell.co\/?s={search_term_string}"},"query-input":{"@type":"PropertyValueSpecification","valueRequired":true,"valueName":"search_term_string"}}],"inLanguage":"es"},{"@type":"Organization","@id":"https:\/\/www.neowell.co\/#organization","name":"Neowell Limited","url":"https:\/\/www.neowell.co\/","logo":{"@type":"ImageObject","inLanguage":"es","@id":"https:\/\/www.neowell.co\/#\/schema\/logo\/image\/","url":"https:\/\/www.neowell.co\/wp-content\/uploads\/2023\/01\/neowell-newlogo-icon.png","contentUrl":"https:\/\/www.neowell.co\/wp-content\/uploads\/2023\/01\/neowell-newlogo-icon.png","width":512,"height":512,"caption":"Neowell Limited"},"image":{"@id":"https:\/\/www.neowell.co\/#\/schema\/logo\/image\/"}}]}},"_links":{"self":[{"href":"https:\/\/www.neowell.co\/es\/wp-json\/wp\/v2\/pages\/988686","targetHints":{"allow":["GET"]}}],"collection":[{"href":"https:\/\/www.neowell.co\/es\/wp-json\/wp\/v2\/pages"}],"about":[{"href":"https:\/\/www.neowell.co\/es\/wp-json\/wp\/v2\/types\/page"}],"author":[{"embeddable":true,"href":"https:\/\/www.neowell.co\/es\/wp-json\/wp\/v2\/users\/1"}],"replies":[{"embeddable":true,"href":"https:\/\/www.neowell.co\/es\/wp-json\/wp\/v2\/comments?post=988686"}],"version-history":[{"count":26,"href":"https:\/\/www.neowell.co\/es\/wp-json\/wp\/v2\/pages\/988686\/revisions"}],"predecessor-version":[{"id":989271,"href":"https:\/\/www.neowell.co\/es\/wp-json\/wp\/v2\/pages\/988686\/revisions\/989271"}],"wp:attachment":[{"href":"https:\/\/www.neowell.co\/es\/wp-json\/wp\/v2\/media?parent=988686"}],"curies":[{"name":"wp","href":"https:\/\/api.w.org\/{rel}","templated":true}]}}