{"id":988555,"date":"2025-11-12T06:17:07","date_gmt":"2025-11-12T06:17:07","guid":{"rendered":"https:\/\/www.neowell.co\/?page_id=988555"},"modified":"2025-11-25T13:49:39","modified_gmt":"2025-11-25T13:49:39","slug":"our-consultancy","status":"publish","type":"page","link":"https:\/\/www.neowell.co\/es\/our-consultancy\/","title":{"rendered":"Nuestra consultor\u00eda"},"content":{"rendered":"<div data-elementor-type=\"wp-page\" data-elementor-id=\"988555\" class=\"elementor elementor-988555\" data-elementor-post-type=\"page\">\n\t\t\t\t<div class=\"elementor-element elementor-element-43b54a5 e-flex e-con-boxed e-con e-parent\" data-id=\"43b54a5\" data-element_type=\"container\" data-e-type=\"container\" data-settings=\"{&quot;background_background&quot;:&quot;classic&quot;}\">\n\t\t\t\t\t<div class=\"e-con-inner\">\n\t\t<div class=\"elementor-element elementor-element-62e7827 e-con-full e-flex e-con e-child\" data-id=\"62e7827\" data-element_type=\"container\" data-e-type=\"container\">\n\t\t\t\t<div class=\"elementor-element elementor-element-7f26f8b elementor-invisible elementor-widget elementor-widget-heading\" data-id=\"7f26f8b\" data-element_type=\"widget\" data-e-type=\"widget\" data-settings=\"{&quot;_animation&quot;:&quot;fadeInDown&quot;,&quot;_animation_delay&quot;:200,&quot;_animation_tablet&quot;:&quot;none&quot;}\" data-widget_type=\"heading.default\">\n\t\t\t\t\t<h1 class=\"elementor-heading-title elementor-size-default\">Nuestro<br><em>Consultor\u00eda <\/em><\/h1>\t\t\t\t<\/div>\n\t\t\t\t<\/div>\n\t\t\t\t\t<\/div>\n\t\t\t\t<\/div>\n\t\t<div class=\"elementor-element elementor-element-38e7f56 e-con-full e-flex e-con e-parent\" data-id=\"38e7f56\" data-element_type=\"container\" data-e-type=\"container\" data-settings=\"{&quot;background_background&quot;:&quot;classic&quot;}\">\n\t\t<div class=\"elementor-element elementor-element-73d4e57 e-con-full e-flex e-con e-child\" data-id=\"73d4e57\" data-element_type=\"container\" data-e-type=\"container\">\n\t\t\t\t<div class=\"elementor-element elementor-element-a11a08a elementor-invisible elementor-widget elementor-widget-heading\" data-id=\"a11a08a\" data-element_type=\"widget\" data-e-type=\"widget\" data-settings=\"{&quot;_animation&quot;:&quot;fadeInDown&quot;,&quot;_animation_delay&quot;:200,&quot;_animation_tablet&quot;:&quot;none&quot;}\" data-widget_type=\"heading.default\">\n\t\t\t\t\t<h2 class=\"elementor-heading-title elementor-size-default\">Bienestar inteligente, <br><i>aplicado con cuidado<\/i><\/h2>\t\t\t\t<\/div>\n\t\t\t\t<div class=\"elementor-element elementor-element-f438897 elementor-widget-tablet__width-initial elementor-widget elementor-widget-text-editor\" data-id=\"f438897\" data-element_type=\"widget\" data-e-type=\"widget\" data-widget_type=\"text-editor.default\">\n\t\t\t\t\t\t\t\t\t<p>En Neowell, reconocemos que, al igual que cada persona es \u00fanica, cada negocio tambi\u00e9n lo es.<\/p><p>Nuestro equipo de consultor\u00eda colabora con promotores inmobiliarios, arquitectos, hoteleros, innovadores en el \u00e1mbito del bienestar, expertos en rendimiento y recuperaci\u00f3n, y clientes privados para dise\u00f1ar e integrar soluciones avanzadas de bienestar basadas en la ciencia que se adapten a la visi\u00f3n, el entorno y el p\u00fablico \u00fanicos de cada cliente. Trabajamos en colaboraci\u00f3n con personas y organizaciones que desean incorporar tecnolog\u00edas de bienestar en sus residencias y espacios privados, creando entornos dise\u00f1ados para restaurar, revitalizar y mejorar el bienestar.<\/p>\t\t\t\t\t\t\t\t<\/div>\n\t\t\t\t<\/div>\n\t\t\t\t<\/div>\n\t\t<div class=\"elementor-element elementor-element-e162c60 e-con-full e-flex e-con e-parent\" data-id=\"e162c60\" data-element_type=\"container\" data-e-type=\"container\">\n\t\t<div class=\"elementor-element elementor-element-c672dff e-con-full e-flex e-con e-child\" data-id=\"c672dff\" data-element_type=\"container\" data-e-type=\"container\" data-settings=\"{&quot;background_background&quot;:&quot;classic&quot;}\">\n\t\t\t\t<\/div>\n\t\t<div class=\"elementor-element elementor-element-9d42377 e-con-full e-flex e-con e-child\" data-id=\"9d42377\" data-element_type=\"container\" data-e-type=\"container\" data-settings=\"{&quot;background_background&quot;:&quot;classic&quot;}\">\n\t\t\t\t<div class=\"elementor-element elementor-element-41d1536 elementor-widget elementor-widget-text-editor\" data-id=\"41d1536\" data-element_type=\"widget\" data-e-type=\"widget\" data-widget_type=\"text-editor.default\">\n\t\t\t\t\t\t\t\t\t<p>Combinamos el conocimiento cient\u00edfico con un enfoque humano para crear experiencias de bienestar significativas. Al comprender c\u00f3mo viven, se mueven y se recuperan las personas, guiamos a nuestros clientes en la selecci\u00f3n de las tecnolog\u00edas que mejor mejoran el rendimiento, la recuperaci\u00f3n, el autocuidado y la longevidad. A partir de nuestra cartera de tecnolog\u00edas innovadoras y basadas en la evidencia, que incluyen soluciones de ox\u00edgeno, hidroxi e infrarrojos, creamos experiencias personalizadas que se integran perfectamente en cada espacio.<\/p>\n<p>Nuestro papel va m\u00e1s all\u00e1 de la tecnolog\u00eda. Ofrecemos orientaci\u00f3n estrat\u00e9gica en todos los puntos de contacto, desde el dise\u00f1o espacial y la experiencia del usuario hasta la integraci\u00f3n del bienestar y el posicionamiento de la marca, garantizando que cada entorno sea funcional, meditado y excepcional.<\/p>\n<p>Las soluciones de consultor\u00eda de Neowell se integran sin esfuerzo en diversos sectores, desde cl\u00ednicas de longevidad y santuarios de bienestar hasta centros de rendimiento y recuperaci\u00f3n, lugares de trabajo, inmuebles de lujo y residencias privadas. Cada espacio est\u00e1 dise\u00f1ado para llevar los beneficios de la tecnolog\u00eda avanzada del bienestar a la vida cotidiana, creando entornos que permiten a las personas sentirse mejor, recuperarse m\u00e1s r\u00e1pido y vivir con vitalidad durante m\u00e1s tiempo.<\/p>\n<p>Para descubrir c\u00f3mo nuestra experiencia en consultor\u00eda puede mejorar su oferta de bienestar, p\u00f3ngase en contacto con uno de nuestros especialistas en tecnolog\u00eda del bienestar.\u00a0<\/p>\t\t\t\t\t\t\t\t<\/div>\n\t\t\t\t<\/div>\n\t\t\t\t<\/div>\n\t\t<div class=\"elementor-element elementor-element-bf17b96 e-flex e-con-boxed e-con e-parent\" data-id=\"bf17b96\" data-element_type=\"container\" data-e-type=\"container\" data-settings=\"{&quot;background_background&quot;:&quot;classic&quot;}\">\n\t\t\t\t\t<div class=\"e-con-inner\">\n\t\t<div class=\"elementor-element elementor-element-9f86436 e-con-full e-flex e-con e-child\" data-id=\"9f86436\" data-element_type=\"container\" data-e-type=\"container\">\n\t\t\t\t<div class=\"elementor-element elementor-element-4705e4e elementor-invisible elementor-widget elementor-widget-heading\" data-id=\"4705e4e\" data-element_type=\"widget\" data-e-type=\"widget\" data-settings=\"{&quot;_animation&quot;:&quot;fadeInDown&quot;,&quot;_animation_delay&quot;:200,&quot;_animation_tablet&quot;:&quot;none&quot;}\" data-widget_type=\"heading.default\">\n\t\t\t\t\t<h2 class=\"elementor-heading-title elementor-size-default\">nuestro <i>clientes<\/i><\/h2>\t\t\t\t<\/div>\n\t\t\t\t<div class=\"elementor-element elementor-element-d28a49e elementor-widget-tablet__width-initial elementor-widget elementor-widget-text-editor\" data-id=\"d28a49e\" data-element_type=\"widget\" data-e-type=\"widget\" data-widget_type=\"text-editor.default\">\n\t\t\t\t\t\t\t\t\t<p>Nuestros clientes est\u00e1n redefiniendo la experiencia del bienestar, transformando el fitness en recuperaci\u00f3n, los lugares de trabajo en centros pr\u00f3speros y las comunidades en espacios de conexi\u00f3n. Juntos, estamos dando forma al futuro del bienestar accesible y orientado al rendimiento.<\/p>\t\t\t\t\t\t\t\t<\/div>\n\t\t\t\t<div class=\"elementor-element elementor-element-470c138 loopimg elementor-widget__width-initial elementor-widget-tablet__width-inherit elementor-widget elementor-widget-image-carousel\" data-id=\"470c138\" data-element_type=\"widget\" data-e-type=\"widget\" data-settings=\"{&quot;slides_to_show&quot;:&quot;3&quot;,&quot;slides_to_show_tablet&quot;:&quot;3&quot;,&quot;slides_to_show_mobile&quot;:&quot;3&quot;,&quot;slides_to_scroll&quot;:&quot;1&quot;,&quot;navigation&quot;:&quot;none&quot;,&quot;autoplay_speed&quot;:0,&quot;speed&quot;:5000,&quot;image_spacing_custom&quot;:{&quot;unit&quot;:&quot;px&quot;,&quot;size&quot;:150,&quot;sizes&quot;:[]},&quot;image_spacing_custom_tablet&quot;:{&quot;unit&quot;:&quot;px&quot;,&quot;size&quot;:70,&quot;sizes&quot;:[]},&quot;image_spacing_custom_mobile&quot;:{&quot;unit&quot;:&quot;px&quot;,&quot;size&quot;:40,&quot;sizes&quot;:[]},&quot;autoplay&quot;:&quot;yes&quot;,&quot;infinite&quot;:&quot;yes&quot;}\" data-widget_type=\"image-carousel.default\">\n\t\t\t\t\t\t\t<div class=\"elementor-image-carousel-wrapper swiper\" role=\"region\" aria-roledescription=\"carousel\" aria-label=\"Carrusel de im\u00e1genes\" dir=\"ltr\">\n\t\t\t<div class=\"elementor-image-carousel swiper-wrapper swiper-image-stretch\" aria-live=\"off\">\n\t\t\t\t\t\t\t\t<div class=\"swiper-slide\" role=\"group\" aria-roledescription=\"slide\" aria-label=\"1 de 8\"><figure class=\"swiper-slide-inner\"><img decoding=\"async\" class=\"swiper-slide-image\" src=\"https:\/\/www.neowell.co\/wp-content\/uploads\/2025\/09\/client-3.png\" alt=\"cliente 3\" \/><\/figure><\/div><div class=\"swiper-slide\" role=\"group\" aria-roledescription=\"slide\" aria-label=\"2 de 8\"><figure class=\"swiper-slide-inner\"><img decoding=\"async\" class=\"swiper-slide-image\" src=\"https:\/\/www.neowell.co\/wp-content\/uploads\/2025\/09\/client-1.png\" alt=\"cliente 1\" \/><\/figure><\/div><div class=\"swiper-slide\" role=\"group\" aria-roledescription=\"slide\" aria-label=\"3 de 8\"><figure class=\"swiper-slide-inner\"><img decoding=\"async\" class=\"swiper-slide-image\" src=\"https:\/\/www.neowell.co\/wp-content\/uploads\/2025\/09\/client-2.png\" alt=\"cliente 2\" \/><\/figure><\/div><div class=\"swiper-slide\" role=\"group\" aria-roledescription=\"slide\" aria-label=\"4 de 8\"><figure class=\"swiper-slide-inner\"><img decoding=\"async\" class=\"swiper-slide-image\" src=\"https:\/\/www.neowell.co\/wp-content\/uploads\/2025\/10\/icon-1.png\" alt=\"icono (1)\" \/><\/figure><\/div><div class=\"swiper-slide\" role=\"group\" aria-roledescription=\"slide\" aria-label=\"5 de 8\"><figure class=\"swiper-slide-inner\"><img decoding=\"async\" class=\"swiper-slide-image\" src=\"https:\/\/www.neowell.co\/wp-content\/uploads\/2025\/10\/icon-2.png\" alt=\"icono (2)\" \/><\/figure><\/div><div class=\"swiper-slide\" role=\"group\" aria-roledescription=\"slide\" aria-label=\"6 de 8\"><figure class=\"swiper-slide-inner\"><img decoding=\"async\" class=\"swiper-slide-image\" src=\"https:\/\/www.neowell.co\/wp-content\/uploads\/2025\/10\/icon-3.png\" alt=\"icono (3)\" \/><\/figure><\/div><div class=\"swiper-slide\" role=\"group\" aria-roledescription=\"slide\" aria-label=\"7 de 8\"><figure class=\"swiper-slide-inner\"><img decoding=\"async\" class=\"swiper-slide-image\" src=\"https:\/\/www.neowell.co\/wp-content\/uploads\/2025\/10\/icon-4.png\" alt=\"icono (4)\" \/><\/figure><\/div><div class=\"swiper-slide\" role=\"group\" aria-roledescription=\"slide\" aria-label=\"8 de 8\"><figure class=\"swiper-slide-inner\"><img decoding=\"async\" class=\"swiper-slide-image\" src=\"https:\/\/www.neowell.co\/wp-content\/uploads\/2025\/10\/icon.png\" alt=\"icono\" \/><\/figure><\/div>\t\t\t<\/div>\n\t\t\t\t\t\t\t\n\t\t\t\t\t\t\t\t\t<\/div>\n\t\t\t\t\t\t<\/div>\n\t\t\t\t<\/div>\n\t\t\t\t\t<\/div>\n\t\t\t\t<\/div>\n\t\t<div class=\"elementor-element elementor-element-990ccbc e-con-full e-flex e-con e-parent\" data-id=\"990ccbc\" data-element_type=\"container\" data-e-type=\"container\" data-settings=\"{&quot;background_background&quot;:&quot;classic&quot;}\">\n\t\t\t\t<div class=\"elementor-element elementor-element-fc0a661 elementor-invisible elementor-widget elementor-widget-heading\" data-id=\"fc0a661\" data-element_type=\"widget\" data-e-type=\"widget\" data-settings=\"{&quot;_animation&quot;:&quot;fadeInDown&quot;,&quot;_animation_delay&quot;:200,&quot;_animation_tablet&quot;:&quot;none&quot;}\" data-widget_type=\"heading.default\">\n\t\t\t\t\t<h2 class=\"elementor-heading-title elementor-size-default\">Cont\u00e1ctenos para asociarse <br><span style=\"color: #799C82\"><i>con Neowell <\/i><\/span>\n<\/h2>\t\t\t\t<\/div>\n\t\t\t\t<div class=\"vamtam-has-theme-widget-styles elementor-element elementor-element-cdf2e84 elementor-align-justify elementor-widget__width-initial vamtam-has-underline-anim elementor-invisible elementor-widget elementor-widget-button\" data-id=\"cdf2e84\" data-element_type=\"widget\" data-e-type=\"widget\" data-settings=\"{&quot;_animation&quot;:&quot;fadeInDown&quot;,&quot;_animation_delay&quot;:300}\" data-widget_type=\"button.default\">\n\t\t\t\t\t\t\t\t\t\t<a class=\"elementor-button elementor-button-link elementor-size-sm\" href=\"\/es\/contact-us\/\">\n\t\t\t\t\t\t<span class=\"elementor-button-content-wrapper\">\n\t\t\t\t\t\t\t\t\t<span class=\"elementor-button-text\">CONT\u00c1CTENOS<\/span>\n\t\t\t\t\t<\/span>\n\t\t\t\t\t<\/a>\n\t\t\t\t\t\t\t\t<\/div>\n\t\t\t\t<\/div>\n\t\t\t\t<\/div>","protected":false},"excerpt":{"rendered":"<p>OurConsultancy Intelligent wellness, thoughtfully applied At Neowell, we recognise that just as every body is unique, so is every business. Our Consultancy team partners with developers, architects, hoteliers, wellness innovators, performance and recovery experts, and private clients to design and integrate advanced wellness solutions grounded in science that align with each client\u2019s unique vision, environment&#8230;<\/p>","protected":false},"author":1,"featured_media":0,"parent":0,"menu_order":0,"comment_status":"closed","ping_status":"closed","template":"","meta":{"footnotes":""},"class_list":["post-988555","page","type-page","status-publish","hentry"],"yoast_head":"<!-- This site is optimized with the Yoast SEO plugin v27.3 - https:\/\/yoast.com\/product\/yoast-seo-wordpress\/ -->\n<title>B2B Consultancy | Melbourne | Neowell<\/title>\n<meta name=\"description\" content=\"We recognise that just as every body is unique, so is every business. We work with our clients to understand their individual wellness needs and aspirations.\" \/>\n<meta name=\"robots\" content=\"index, follow, max-snippet:-1, max-image-preview:large, max-video-preview:-1\" \/>\n<link rel=\"canonical\" href=\"https:\/\/www.neowell.co\/es\/our-consultancy\/\" \/>\n<meta property=\"og:locale\" content=\"es_ES\" \/>\n<meta property=\"og:type\" content=\"article\" \/>\n<meta property=\"og:title\" content=\"B2B Consultancy | Melbourne | Neowell\" \/>\n<meta property=\"og:description\" content=\"We recognise that just as every body is unique, so is every business. We work with our clients to understand their individual wellness needs and aspirations.\" \/>\n<meta property=\"og:url\" content=\"https:\/\/www.neowell.co\/es\/our-consultancy\/\" \/>\n<meta property=\"og:site_name\" content=\"Neowell Limited\" \/>\n<meta property=\"article:modified_time\" content=\"2025-11-25T13:49:39+00:00\" \/>\n<meta property=\"og:image\" content=\"https:\/\/www.neowell.co\/wp-content\/uploads\/2025\/09\/client-3.png\" \/>\n<meta name=\"twitter:card\" content=\"summary_large_image\" \/>\n<meta name=\"twitter:label1\" content=\"Tiempo de lectura\" \/>\n\t<meta name=\"twitter:data1\" content=\"3 minutos\" \/>\n<script type=\"application\/ld+json\" class=\"yoast-schema-graph\">{\"@context\":\"https:\\\/\\\/schema.org\",\"@graph\":[{\"@type\":\"WebPage\",\"@id\":\"https:\\\/\\\/www.neowell.co\\\/our-consultancy\\\/\",\"url\":\"https:\\\/\\\/www.neowell.co\\\/our-consultancy\\\/\",\"name\":\"B2B Consultancy | Melbourne | Neowell\",\"isPartOf\":{\"@id\":\"https:\\\/\\\/www.neowell.co\\\/#website\"},\"primaryImageOfPage\":{\"@id\":\"https:\\\/\\\/www.neowell.co\\\/our-consultancy\\\/#primaryimage\"},\"image\":{\"@id\":\"https:\\\/\\\/www.neowell.co\\\/our-consultancy\\\/#primaryimage\"},\"thumbnailUrl\":\"https:\\\/\\\/www.neowell.co\\\/wp-content\\\/uploads\\\/2025\\\/09\\\/client-3.png\",\"datePublished\":\"2025-11-12T06:17:07+00:00\",\"dateModified\":\"2025-11-25T13:49:39+00:00\",\"description\":\"We recognise that just as every body is unique, so is every business. We work with our clients to understand their individual wellness needs and aspirations.\",\"breadcrumb\":{\"@id\":\"https:\\\/\\\/www.neowell.co\\\/our-consultancy\\\/#breadcrumb\"},\"inLanguage\":\"es\",\"potentialAction\":[{\"@type\":\"ReadAction\",\"target\":[\"https:\\\/\\\/www.neowell.co\\\/our-consultancy\\\/\"]}]},{\"@type\":\"ImageObject\",\"inLanguage\":\"es\",\"@id\":\"https:\\\/\\\/www.neowell.co\\\/our-consultancy\\\/#primaryimage\",\"url\":\"https:\\\/\\\/www.neowell.co\\\/wp-content\\\/uploads\\\/2025\\\/09\\\/client-3.png\",\"contentUrl\":\"https:\\\/\\\/www.neowell.co\\\/wp-content\\\/uploads\\\/2025\\\/09\\\/client-3.png\"},{\"@type\":\"BreadcrumbList\",\"@id\":\"https:\\\/\\\/www.neowell.co\\\/our-consultancy\\\/#breadcrumb\",\"itemListElement\":[{\"@type\":\"ListItem\",\"position\":1,\"name\":\"Home\",\"item\":\"https:\\\/\\\/www.neowell.co\\\/\"},{\"@type\":\"ListItem\",\"position\":2,\"name\":\"Our Consultancy\"}]},{\"@type\":\"WebSite\",\"@id\":\"https:\\\/\\\/www.neowell.co\\\/#website\",\"url\":\"https:\\\/\\\/www.neowell.co\\\/\",\"name\":\"Neowell Limited\",\"description\":\"\",\"publisher\":{\"@id\":\"https:\\\/\\\/www.neowell.co\\\/#organization\"},\"potentialAction\":[{\"@type\":\"SearchAction\",\"target\":{\"@type\":\"EntryPoint\",\"urlTemplate\":\"https:\\\/\\\/www.neowell.co\\\/?s={search_term_string}\"},\"query-input\":{\"@type\":\"PropertyValueSpecification\",\"valueRequired\":true,\"valueName\":\"search_term_string\"}}],\"inLanguage\":\"es\"},{\"@type\":\"Organization\",\"@id\":\"https:\\\/\\\/www.neowell.co\\\/#organization\",\"name\":\"Neowell Limited\",\"url\":\"https:\\\/\\\/www.neowell.co\\\/\",\"logo\":{\"@type\":\"ImageObject\",\"inLanguage\":\"es\",\"@id\":\"https:\\\/\\\/www.neowell.co\\\/#\\\/schema\\\/logo\\\/image\\\/\",\"url\":\"https:\\\/\\\/www.neowell.co\\\/wp-content\\\/uploads\\\/2023\\\/01\\\/neowell-newlogo-icon.png\",\"contentUrl\":\"https:\\\/\\\/www.neowell.co\\\/wp-content\\\/uploads\\\/2023\\\/01\\\/neowell-newlogo-icon.png\",\"width\":512,\"height\":512,\"caption\":\"Neowell Limited\"},\"image\":{\"@id\":\"https:\\\/\\\/www.neowell.co\\\/#\\\/schema\\\/logo\\\/image\\\/\"}}]}<\/script>\n<!-- \/ Yoast SEO plugin. -->","yoast_head_json":{"title":"Consultor\u00eda B2B | Melbourne | Neowell","description":"Reconocemos que, al igual que cada persona es \u00fanica, tambi\u00e9n lo es cada negocio. Trabajamos con nuestros clientes para comprender sus necesidades y aspiraciones individuales en materia de bienestar.","robots":{"index":"index","follow":"follow","max-snippet":"max-snippet:-1","max-image-preview":"max-image-preview:large","max-video-preview":"max-video-preview:-1"},"canonical":"https:\/\/www.neowell.co\/es\/our-consultancy\/","og_locale":"es_ES","og_type":"article","og_title":"B2B Consultancy | Melbourne | Neowell","og_description":"We recognise that just as every body is unique, so is every business. We work with our clients to understand their individual wellness needs and aspirations.","og_url":"https:\/\/www.neowell.co\/es\/our-consultancy\/","og_site_name":"Neowell Limited","article_modified_time":"2025-11-25T13:49:39+00:00","og_image":[{"url":"https:\/\/www.neowell.co\/wp-content\/uploads\/2025\/09\/client-3.png","type":"","width":"","height":""}],"twitter_card":"summary_large_image","twitter_misc":{"Tiempo de lectura":"3 minutos"},"schema":{"@context":"https:\/\/schema.org","@graph":[{"@type":"WebPage","@id":"https:\/\/www.neowell.co\/our-consultancy\/","url":"https:\/\/www.neowell.co\/our-consultancy\/","name":"Consultor\u00eda B2B | Melbourne | Neowell","isPartOf":{"@id":"https:\/\/www.neowell.co\/#website"},"primaryImageOfPage":{"@id":"https:\/\/www.neowell.co\/our-consultancy\/#primaryimage"},"image":{"@id":"https:\/\/www.neowell.co\/our-consultancy\/#primaryimage"},"thumbnailUrl":"https:\/\/www.neowell.co\/wp-content\/uploads\/2025\/09\/client-3.png","datePublished":"2025-11-12T06:17:07+00:00","dateModified":"2025-11-25T13:49:39+00:00","description":"Reconocemos que, al igual que cada persona es \u00fanica, tambi\u00e9n lo es cada negocio. Trabajamos con nuestros clientes para comprender sus necesidades y aspiraciones individuales en materia de bienestar.","breadcrumb":{"@id":"https:\/\/www.neowell.co\/our-consultancy\/#breadcrumb"},"inLanguage":"es","potentialAction":[{"@type":"ReadAction","target":["https:\/\/www.neowell.co\/our-consultancy\/"]}]},{"@type":"ImageObject","inLanguage":"es","@id":"https:\/\/www.neowell.co\/our-consultancy\/#primaryimage","url":"https:\/\/www.neowell.co\/wp-content\/uploads\/2025\/09\/client-3.png","contentUrl":"https:\/\/www.neowell.co\/wp-content\/uploads\/2025\/09\/client-3.png"},{"@type":"BreadcrumbList","@id":"https:\/\/www.neowell.co\/our-consultancy\/#breadcrumb","itemListElement":[{"@type":"ListItem","position":1,"name":"Home","item":"https:\/\/www.neowell.co\/"},{"@type":"ListItem","position":2,"name":"Our Consultancy"}]},{"@type":"WebSite","@id":"https:\/\/www.neowell.co\/#website","url":"https:\/\/www.neowell.co\/","name":"Neowell Limited","description":"","publisher":{"@id":"https:\/\/www.neowell.co\/#organization"},"potentialAction":[{"@type":"SearchAction","target":{"@type":"EntryPoint","urlTemplate":"https:\/\/www.neowell.co\/?s={search_term_string}"},"query-input":{"@type":"PropertyValueSpecification","valueRequired":true,"valueName":"search_term_string"}}],"inLanguage":"es"},{"@type":"Organization","@id":"https:\/\/www.neowell.co\/#organization","name":"Neowell Limited","url":"https:\/\/www.neowell.co\/","logo":{"@type":"ImageObject","inLanguage":"es","@id":"https:\/\/www.neowell.co\/#\/schema\/logo\/image\/","url":"https:\/\/www.neowell.co\/wp-content\/uploads\/2023\/01\/neowell-newlogo-icon.png","contentUrl":"https:\/\/www.neowell.co\/wp-content\/uploads\/2023\/01\/neowell-newlogo-icon.png","width":512,"height":512,"caption":"Neowell Limited"},"image":{"@id":"https:\/\/www.neowell.co\/#\/schema\/logo\/image\/"}}]}},"_links":{"self":[{"href":"https:\/\/www.neowell.co\/es\/wp-json\/wp\/v2\/pages\/988555","targetHints":{"allow":["GET"]}}],"collection":[{"href":"https:\/\/www.neowell.co\/es\/wp-json\/wp\/v2\/pages"}],"about":[{"href":"https:\/\/www.neowell.co\/es\/wp-json\/wp\/v2\/types\/page"}],"author":[{"embeddable":true,"href":"https:\/\/www.neowell.co\/es\/wp-json\/wp\/v2\/users\/1"}],"replies":[{"embeddable":true,"href":"https:\/\/www.neowell.co\/es\/wp-json\/wp\/v2\/comments?post=988555"}],"version-history":[{"count":16,"href":"https:\/\/www.neowell.co\/es\/wp-json\/wp\/v2\/pages\/988555\/revisions"}],"predecessor-version":[{"id":988835,"href":"https:\/\/www.neowell.co\/es\/wp-json\/wp\/v2\/pages\/988555\/revisions\/988835"}],"wp:attachment":[{"href":"https:\/\/www.neowell.co\/es\/wp-json\/wp\/v2\/media?parent=988555"}],"curies":[{"name":"wp","href":"https:\/\/api.w.org\/{rel}","templated":true}]}}