{"id":988555,"date":"2025-11-12T06:17:07","date_gmt":"2025-11-12T06:17:07","guid":{"rendered":"https:\/\/www.neowell.co\/?page_id=988555"},"modified":"2025-11-25T13:49:39","modified_gmt":"2025-11-25T13:49:39","slug":"our-consultancy","status":"publish","type":"page","link":"https:\/\/www.neowell.co\/de\/our-consultancy\/","title":{"rendered":"Unsere Beratung"},"content":{"rendered":"<div data-elementor-type=\"wp-page\" data-elementor-id=\"988555\" class=\"elementor elementor-988555\" data-elementor-post-type=\"page\">\n\t\t\t\t<div class=\"elementor-element elementor-element-43b54a5 e-flex e-con-boxed e-con e-parent\" data-id=\"43b54a5\" data-element_type=\"container\" data-e-type=\"container\" data-settings=\"{&quot;background_background&quot;:&quot;classic&quot;}\">\n\t\t\t\t\t<div class=\"e-con-inner\">\n\t\t<div class=\"elementor-element elementor-element-62e7827 e-con-full e-flex e-con e-child\" data-id=\"62e7827\" data-element_type=\"container\" data-e-type=\"container\">\n\t\t\t\t<div class=\"elementor-element elementor-element-7f26f8b elementor-invisible elementor-widget elementor-widget-heading\" data-id=\"7f26f8b\" data-element_type=\"widget\" data-e-type=\"widget\" data-settings=\"{&quot;_animation&quot;:&quot;fadeInDown&quot;,&quot;_animation_delay&quot;:200,&quot;_animation_tablet&quot;:&quot;none&quot;}\" data-widget_type=\"heading.default\">\n\t\t\t\t\t<h1 class=\"elementor-heading-title elementor-size-default\">Unser<br><em>Beratung <\/em><\/h1>\t\t\t\t<\/div>\n\t\t\t\t<\/div>\n\t\t\t\t\t<\/div>\n\t\t\t\t<\/div>\n\t\t<div class=\"elementor-element elementor-element-38e7f56 e-con-full e-flex e-con e-parent\" data-id=\"38e7f56\" data-element_type=\"container\" data-e-type=\"container\" data-settings=\"{&quot;background_background&quot;:&quot;classic&quot;}\">\n\t\t<div class=\"elementor-element elementor-element-73d4e57 e-con-full e-flex e-con e-child\" data-id=\"73d4e57\" data-element_type=\"container\" data-e-type=\"container\">\n\t\t\t\t<div class=\"elementor-element elementor-element-a11a08a elementor-invisible elementor-widget elementor-widget-heading\" data-id=\"a11a08a\" data-element_type=\"widget\" data-e-type=\"widget\" data-settings=\"{&quot;_animation&quot;:&quot;fadeInDown&quot;,&quot;_animation_delay&quot;:200,&quot;_animation_tablet&quot;:&quot;none&quot;}\" data-widget_type=\"heading.default\">\n\t\t\t\t\t<h2 class=\"elementor-heading-title elementor-size-default\">Intelligentes Wohlbefinden, <br><i>durchdacht angewendet<\/i><\/h2>\t\t\t\t<\/div>\n\t\t\t\t<div class=\"elementor-element elementor-element-f438897 elementor-widget-tablet__width-initial elementor-widget elementor-widget-text-editor\" data-id=\"f438897\" data-element_type=\"widget\" data-e-type=\"widget\" data-widget_type=\"text-editor.default\">\n\t\t\t\t\t\t\t\t\t<p>Wir bei Neowell wissen, dass jedes Unternehmen genauso einzigartig ist wie jeder Mensch.<\/p><p>Unser Beratungsteam arbeitet mit Entwicklern, Architekten, Hoteliers, Wellness-Innovatoren, Leistungs- und Erholungsexperten sowie Privatkunden zusammen, um fortschrittliche, wissenschaftlich fundierte Wellness-L\u00f6sungen zu entwerfen und zu integrieren, die auf die individuellen Vorstellungen, die Umgebung und die Zielgruppe jedes Kunden abgestimmt sind. Wir arbeiten mit Einzelpersonen und Organisationen zusammen, die Wellness-Technologien in ihre privaten Wohnr\u00e4ume und R\u00e4umlichkeiten integrieren m\u00f6chten, um Umgebungen zu schaffen, die der Erholung, Revitalisierung und Steigerung des Wohlbefindens dienen.<\/p>\t\t\t\t\t\t\t\t<\/div>\n\t\t\t\t<\/div>\n\t\t\t\t<\/div>\n\t\t<div class=\"elementor-element elementor-element-e162c60 e-con-full e-flex e-con e-parent\" data-id=\"e162c60\" data-element_type=\"container\" data-e-type=\"container\">\n\t\t<div class=\"elementor-element elementor-element-c672dff e-con-full e-flex e-con e-child\" data-id=\"c672dff\" data-element_type=\"container\" data-e-type=\"container\" data-settings=\"{&quot;background_background&quot;:&quot;classic&quot;}\">\n\t\t\t\t<\/div>\n\t\t<div class=\"elementor-element elementor-element-9d42377 e-con-full e-flex e-con e-child\" data-id=\"9d42377\" data-element_type=\"container\" data-e-type=\"container\" data-settings=\"{&quot;background_background&quot;:&quot;classic&quot;}\">\n\t\t\t\t<div class=\"elementor-element elementor-element-41d1536 elementor-widget elementor-widget-text-editor\" data-id=\"41d1536\" data-element_type=\"widget\" data-e-type=\"widget\" data-widget_type=\"text-editor.default\">\n\t\t\t\t\t\t\t\t\t<p>Wir verbinden wissenschaftliche Erkenntnisse mit einem menschlichen Ansatz, um sinnvolle Wellness-Erlebnisse zu schaffen. Indem wir verstehen, wie Menschen leben, sich bewegen und regenerieren, unterst\u00fctzen wir unsere Kunden bei der Auswahl der Technologien, die ihre Leistungsf\u00e4higkeit, Erholung, Selbstf\u00fcrsorge und Langlebigkeit am besten f\u00f6rdern. Aus unserem Portfolio innovativer, evidenzbasierter Technologien, darunter L\u00f6sungen mit Sauerstoff, Hydroxy und Infrarotlicht, schaffen wir ma\u00dfgeschneiderte Erlebnisse, die sich nahtlos in jeden Raum integrieren lassen.<\/p>\n<p>Unsere Rolle geht \u00fcber die Technologie hinaus. Wir bieten strategische Beratung f\u00fcr alle Ber\u00fchrungspunkte, von der Raumgestaltung und Benutzererfahrung bis hin zur Integration von Wellness-Aspekten und Markenpositionierung, um sicherzustellen, dass jede Umgebung funktional, durchdacht und au\u00dfergew\u00f6hnlich ist.<\/p>\n<p>Die Beratungsl\u00f6sungen von Neowell lassen sich m\u00fchelos in verschiedene Bereiche integrieren, von Langlebigkeitskliniken und Wellness-Oasen bis hin zu Leistungs- und Erholungszentren, Arbeitspl\u00e4tzen, Luxusimmobilien und Privatwohnungen. Jeder Raum ist so gestaltet, dass die Vorteile fortschrittlicher Well-Tech in den Alltag integriert werden und Umgebungen geschaffen werden, in denen sich Menschen besser f\u00fchlen, schneller erholen und l\u00e4nger vital bleiben.<\/p>\n<p>Um zu erfahren, wie unsere Beratungskompetenz Ihr Wellness-Angebot verbessern kann, wenden Sie sich an einen unserer Wellness-Technologie-Spezialisten.\u00a0<\/p>\t\t\t\t\t\t\t\t<\/div>\n\t\t\t\t<\/div>\n\t\t\t\t<\/div>\n\t\t<div class=\"elementor-element elementor-element-bf17b96 e-flex e-con-boxed e-con e-parent\" data-id=\"bf17b96\" data-element_type=\"container\" data-e-type=\"container\" data-settings=\"{&quot;background_background&quot;:&quot;classic&quot;}\">\n\t\t\t\t\t<div class=\"e-con-inner\">\n\t\t<div class=\"elementor-element elementor-element-9f86436 e-con-full e-flex e-con e-child\" data-id=\"9f86436\" data-element_type=\"container\" data-e-type=\"container\">\n\t\t\t\t<div class=\"elementor-element elementor-element-4705e4e elementor-invisible elementor-widget elementor-widget-heading\" data-id=\"4705e4e\" data-element_type=\"widget\" data-e-type=\"widget\" data-settings=\"{&quot;_animation&quot;:&quot;fadeInDown&quot;,&quot;_animation_delay&quot;:200,&quot;_animation_tablet&quot;:&quot;none&quot;}\" data-widget_type=\"heading.default\">\n\t\t\t\t\t<h2 class=\"elementor-heading-title elementor-size-default\">unser <i>Kunden<\/i><\/h2>\t\t\t\t<\/div>\n\t\t\t\t<div class=\"elementor-element elementor-element-d28a49e elementor-widget-tablet__width-initial elementor-widget elementor-widget-text-editor\" data-id=\"d28a49e\" data-element_type=\"widget\" data-e-type=\"widget\" data-widget_type=\"text-editor.default\">\n\t\t\t\t\t\t\t\t\t<p>Unsere Kunden definieren das Wellness-Erlebnis neu, verwandeln Fitness in Erholung, Arbeitspl\u00e4tze in florierende Zentren und Gemeinschaften in Orte der Begegnung. Gemeinsam gestalten wir die Zukunft eines zug\u00e4nglichen, leistungsorientierten Wohlbefindens.<\/p>\t\t\t\t\t\t\t\t<\/div>\n\t\t\t\t<div class=\"elementor-element elementor-element-470c138 loopimg elementor-widget__width-initial elementor-widget-tablet__width-inherit elementor-widget elementor-widget-image-carousel\" data-id=\"470c138\" data-element_type=\"widget\" data-e-type=\"widget\" data-settings=\"{&quot;slides_to_show&quot;:&quot;3&quot;,&quot;slides_to_show_tablet&quot;:&quot;3&quot;,&quot;slides_to_show_mobile&quot;:&quot;3&quot;,&quot;slides_to_scroll&quot;:&quot;1&quot;,&quot;navigation&quot;:&quot;none&quot;,&quot;autoplay_speed&quot;:0,&quot;speed&quot;:5000,&quot;image_spacing_custom&quot;:{&quot;unit&quot;:&quot;px&quot;,&quot;size&quot;:150,&quot;sizes&quot;:[]},&quot;image_spacing_custom_tablet&quot;:{&quot;unit&quot;:&quot;px&quot;,&quot;size&quot;:70,&quot;sizes&quot;:[]},&quot;image_spacing_custom_mobile&quot;:{&quot;unit&quot;:&quot;px&quot;,&quot;size&quot;:40,&quot;sizes&quot;:[]},&quot;autoplay&quot;:&quot;yes&quot;,&quot;infinite&quot;:&quot;yes&quot;}\" data-widget_type=\"image-carousel.default\">\n\t\t\t\t\t\t\t<div class=\"elementor-image-carousel-wrapper swiper\" role=\"region\" aria-roledescription=\"carousel\" aria-label=\"Bildkarussell\" dir=\"ltr\">\n\t\t\t<div class=\"elementor-image-carousel swiper-wrapper swiper-image-stretch\" aria-live=\"off\">\n\t\t\t\t\t\t\t\t<div class=\"swiper-slide\" role=\"group\" aria-roledescription=\"slide\" aria-label=\"1 von 8\"><figure class=\"swiper-slide-inner\"><img decoding=\"async\" class=\"swiper-slide-image\" src=\"https:\/\/www.neowell.co\/wp-content\/uploads\/2025\/09\/client-3.png\" alt=\"Kunde 3\" \/><\/figure><\/div><div class=\"swiper-slide\" role=\"group\" aria-roledescription=\"slide\" aria-label=\"2 von 8\"><figure class=\"swiper-slide-inner\"><img decoding=\"async\" class=\"swiper-slide-image\" src=\"https:\/\/www.neowell.co\/wp-content\/uploads\/2025\/09\/client-1.png\" alt=\"Kunde 1\" \/><\/figure><\/div><div class=\"swiper-slide\" role=\"group\" aria-roledescription=\"slide\" aria-label=\"3 von 8\"><figure class=\"swiper-slide-inner\"><img decoding=\"async\" class=\"swiper-slide-image\" src=\"https:\/\/www.neowell.co\/wp-content\/uploads\/2025\/09\/client-2.png\" alt=\"Kunde 2\" \/><\/figure><\/div><div class=\"swiper-slide\" role=\"group\" aria-roledescription=\"slide\" aria-label=\"4 von 8\"><figure class=\"swiper-slide-inner\"><img decoding=\"async\" class=\"swiper-slide-image\" src=\"https:\/\/www.neowell.co\/wp-content\/uploads\/2025\/10\/icon-1.png\" alt=\"Symbol (1)\" \/><\/figure><\/div><div class=\"swiper-slide\" role=\"group\" aria-roledescription=\"slide\" aria-label=\"5 von 8\"><figure class=\"swiper-slide-inner\"><img decoding=\"async\" class=\"swiper-slide-image\" src=\"https:\/\/www.neowell.co\/wp-content\/uploads\/2025\/10\/icon-2.png\" alt=\"Symbol (2)\" \/><\/figure><\/div><div class=\"swiper-slide\" role=\"group\" aria-roledescription=\"slide\" aria-label=\"6 von 8\"><figure class=\"swiper-slide-inner\"><img decoding=\"async\" class=\"swiper-slide-image\" src=\"https:\/\/www.neowell.co\/wp-content\/uploads\/2025\/10\/icon-3.png\" alt=\"Symbol (3)\" \/><\/figure><\/div><div class=\"swiper-slide\" role=\"group\" aria-roledescription=\"slide\" aria-label=\"7 von 8\"><figure class=\"swiper-slide-inner\"><img decoding=\"async\" class=\"swiper-slide-image\" src=\"https:\/\/www.neowell.co\/wp-content\/uploads\/2025\/10\/icon-4.png\" alt=\"Symbol (4)\" \/><\/figure><\/div><div class=\"swiper-slide\" role=\"group\" aria-roledescription=\"slide\" aria-label=\"8 von 8\"><figure class=\"swiper-slide-inner\"><img decoding=\"async\" class=\"swiper-slide-image\" src=\"https:\/\/www.neowell.co\/wp-content\/uploads\/2025\/10\/icon.png\" alt=\"Symbol\" \/><\/figure><\/div>\t\t\t<\/div>\n\t\t\t\t\t\t\t\n\t\t\t\t\t\t\t\t\t<\/div>\n\t\t\t\t\t\t<\/div>\n\t\t\t\t<\/div>\n\t\t\t\t\t<\/div>\n\t\t\t\t<\/div>\n\t\t<div class=\"elementor-element elementor-element-990ccbc e-con-full e-flex e-con e-parent\" data-id=\"990ccbc\" data-element_type=\"container\" data-e-type=\"container\" data-settings=\"{&quot;background_background&quot;:&quot;classic&quot;}\">\n\t\t\t\t<div class=\"elementor-element elementor-element-fc0a661 elementor-invisible elementor-widget elementor-widget-heading\" data-id=\"fc0a661\" data-element_type=\"widget\" data-e-type=\"widget\" data-settings=\"{&quot;_animation&quot;:&quot;fadeInDown&quot;,&quot;_animation_delay&quot;:200,&quot;_animation_tablet&quot;:&quot;none&quot;}\" data-widget_type=\"heading.default\">\n\t\t\t\t\t<h2 class=\"elementor-heading-title elementor-size-default\">Kontaktieren Sie uns, um eine Partnerschaft einzugehen <br><span style=\"color: #799C82\"><i>mit Neowell <\/i><\/span>\n<\/h2>\t\t\t\t<\/div>\n\t\t\t\t<div class=\"vamtam-has-theme-widget-styles elementor-element elementor-element-cdf2e84 elementor-align-justify elementor-widget__width-initial vamtam-has-underline-anim elementor-invisible elementor-widget elementor-widget-button\" data-id=\"cdf2e84\" data-element_type=\"widget\" data-e-type=\"widget\" data-settings=\"{&quot;_animation&quot;:&quot;fadeInDown&quot;,&quot;_animation_delay&quot;:300}\" data-widget_type=\"button.default\">\n\t\t\t\t\t\t\t\t\t\t<a class=\"elementor-button elementor-button-link elementor-size-sm\" href=\"\/de\/contact-us\/\">\n\t\t\t\t\t\t<span class=\"elementor-button-content-wrapper\">\n\t\t\t\t\t\t\t\t\t<span class=\"elementor-button-text\">KONTAKTIEREN SIE UNS<\/span>\n\t\t\t\t\t<\/span>\n\t\t\t\t\t<\/a>\n\t\t\t\t\t\t\t\t<\/div>\n\t\t\t\t<\/div>\n\t\t\t\t<\/div>","protected":false},"excerpt":{"rendered":"<p>OurConsultancy Intelligent wellness, thoughtfully applied At Neowell, we recognise that just as every body is unique, so is every business. Our Consultancy team partners with developers, architects, hoteliers, wellness innovators, performance and recovery experts, and private clients to design and integrate advanced wellness solutions grounded in science that align with each client\u2019s unique vision, environment&#8230;<\/p>","protected":false},"author":1,"featured_media":0,"parent":0,"menu_order":0,"comment_status":"closed","ping_status":"closed","template":"","meta":{"footnotes":""},"class_list":["post-988555","page","type-page","status-publish","hentry"],"yoast_head":"<!-- This site is optimized with the Yoast SEO plugin v27.3 - https:\/\/yoast.com\/product\/yoast-seo-wordpress\/ -->\n<title>B2B Consultancy | Melbourne | Neowell<\/title>\n<meta name=\"description\" content=\"We recognise that just as every body is unique, so is every business. We work with our clients to understand their individual wellness needs and aspirations.\" \/>\n<meta name=\"robots\" content=\"index, follow, max-snippet:-1, max-image-preview:large, max-video-preview:-1\" \/>\n<link rel=\"canonical\" href=\"https:\/\/www.neowell.co\/de\/our-consultancy\/\" \/>\n<meta property=\"og:locale\" content=\"de_DE\" \/>\n<meta property=\"og:type\" content=\"article\" \/>\n<meta property=\"og:title\" content=\"B2B Consultancy | Melbourne | Neowell\" \/>\n<meta property=\"og:description\" content=\"We recognise that just as every body is unique, so is every business. We work with our clients to understand their individual wellness needs and aspirations.\" \/>\n<meta property=\"og:url\" content=\"https:\/\/www.neowell.co\/de\/our-consultancy\/\" \/>\n<meta property=\"og:site_name\" content=\"Neowell Limited\" \/>\n<meta property=\"article:modified_time\" content=\"2025-11-25T13:49:39+00:00\" \/>\n<meta property=\"og:image\" content=\"https:\/\/www.neowell.co\/wp-content\/uploads\/2025\/09\/client-3.png\" \/>\n<meta name=\"twitter:card\" content=\"summary_large_image\" \/>\n<meta name=\"twitter:label1\" content=\"Gesch\u00e4tzte Lesezeit\" \/>\n\t<meta name=\"twitter:data1\" content=\"3\u00a0Minuten\" \/>\n<script type=\"application\/ld+json\" class=\"yoast-schema-graph\">{\"@context\":\"https:\\\/\\\/schema.org\",\"@graph\":[{\"@type\":\"WebPage\",\"@id\":\"https:\\\/\\\/www.neowell.co\\\/our-consultancy\\\/\",\"url\":\"https:\\\/\\\/www.neowell.co\\\/our-consultancy\\\/\",\"name\":\"B2B Consultancy | Melbourne | Neowell\",\"isPartOf\":{\"@id\":\"https:\\\/\\\/www.neowell.co\\\/#website\"},\"primaryImageOfPage\":{\"@id\":\"https:\\\/\\\/www.neowell.co\\\/our-consultancy\\\/#primaryimage\"},\"image\":{\"@id\":\"https:\\\/\\\/www.neowell.co\\\/our-consultancy\\\/#primaryimage\"},\"thumbnailUrl\":\"https:\\\/\\\/www.neowell.co\\\/wp-content\\\/uploads\\\/2025\\\/09\\\/client-3.png\",\"datePublished\":\"2025-11-12T06:17:07+00:00\",\"dateModified\":\"2025-11-25T13:49:39+00:00\",\"description\":\"We recognise that just as every body is unique, so is every business. We work with our clients to understand their individual wellness needs and aspirations.\",\"breadcrumb\":{\"@id\":\"https:\\\/\\\/www.neowell.co\\\/our-consultancy\\\/#breadcrumb\"},\"inLanguage\":\"de\",\"potentialAction\":[{\"@type\":\"ReadAction\",\"target\":[\"https:\\\/\\\/www.neowell.co\\\/our-consultancy\\\/\"]}]},{\"@type\":\"ImageObject\",\"inLanguage\":\"de\",\"@id\":\"https:\\\/\\\/www.neowell.co\\\/our-consultancy\\\/#primaryimage\",\"url\":\"https:\\\/\\\/www.neowell.co\\\/wp-content\\\/uploads\\\/2025\\\/09\\\/client-3.png\",\"contentUrl\":\"https:\\\/\\\/www.neowell.co\\\/wp-content\\\/uploads\\\/2025\\\/09\\\/client-3.png\"},{\"@type\":\"BreadcrumbList\",\"@id\":\"https:\\\/\\\/www.neowell.co\\\/our-consultancy\\\/#breadcrumb\",\"itemListElement\":[{\"@type\":\"ListItem\",\"position\":1,\"name\":\"Home\",\"item\":\"https:\\\/\\\/www.neowell.co\\\/\"},{\"@type\":\"ListItem\",\"position\":2,\"name\":\"Our Consultancy\"}]},{\"@type\":\"WebSite\",\"@id\":\"https:\\\/\\\/www.neowell.co\\\/#website\",\"url\":\"https:\\\/\\\/www.neowell.co\\\/\",\"name\":\"Neowell Limited\",\"description\":\"\",\"publisher\":{\"@id\":\"https:\\\/\\\/www.neowell.co\\\/#organization\"},\"potentialAction\":[{\"@type\":\"SearchAction\",\"target\":{\"@type\":\"EntryPoint\",\"urlTemplate\":\"https:\\\/\\\/www.neowell.co\\\/?s={search_term_string}\"},\"query-input\":{\"@type\":\"PropertyValueSpecification\",\"valueRequired\":true,\"valueName\":\"search_term_string\"}}],\"inLanguage\":\"de\"},{\"@type\":\"Organization\",\"@id\":\"https:\\\/\\\/www.neowell.co\\\/#organization\",\"name\":\"Neowell Limited\",\"url\":\"https:\\\/\\\/www.neowell.co\\\/\",\"logo\":{\"@type\":\"ImageObject\",\"inLanguage\":\"de\",\"@id\":\"https:\\\/\\\/www.neowell.co\\\/#\\\/schema\\\/logo\\\/image\\\/\",\"url\":\"https:\\\/\\\/www.neowell.co\\\/wp-content\\\/uploads\\\/2023\\\/01\\\/neowell-newlogo-icon.png\",\"contentUrl\":\"https:\\\/\\\/www.neowell.co\\\/wp-content\\\/uploads\\\/2023\\\/01\\\/neowell-newlogo-icon.png\",\"width\":512,\"height\":512,\"caption\":\"Neowell Limited\"},\"image\":{\"@id\":\"https:\\\/\\\/www.neowell.co\\\/#\\\/schema\\\/logo\\\/image\\\/\"}}]}<\/script>\n<!-- \/ Yoast SEO plugin. -->","yoast_head_json":{"title":"B2B-Beratung | Melbourne | Neowell","description":"Wir wissen, dass jedes Unternehmen genauso einzigartig ist wie jeder Mensch. Wir arbeiten mit unseren Kunden zusammen, um ihre individuellen Wellness-Bed\u00fcrfnisse und -Ziele zu verstehen.","robots":{"index":"index","follow":"follow","max-snippet":"max-snippet:-1","max-image-preview":"max-image-preview:large","max-video-preview":"max-video-preview:-1"},"canonical":"https:\/\/www.neowell.co\/de\/our-consultancy\/","og_locale":"de_DE","og_type":"article","og_title":"B2B Consultancy | Melbourne | Neowell","og_description":"We recognise that just as every body is unique, so is every business. We work with our clients to understand their individual wellness needs and aspirations.","og_url":"https:\/\/www.neowell.co\/de\/our-consultancy\/","og_site_name":"Neowell Limited","article_modified_time":"2025-11-25T13:49:39+00:00","og_image":[{"url":"https:\/\/www.neowell.co\/wp-content\/uploads\/2025\/09\/client-3.png","type":"","width":"","height":""}],"twitter_card":"summary_large_image","twitter_misc":{"Gesch\u00e4tzte Lesezeit":"3\u00a0Minuten"},"schema":{"@context":"https:\/\/schema.org","@graph":[{"@type":"WebPage","@id":"https:\/\/www.neowell.co\/our-consultancy\/","url":"https:\/\/www.neowell.co\/our-consultancy\/","name":"B2B-Beratung | Melbourne | Neowell","isPartOf":{"@id":"https:\/\/www.neowell.co\/#website"},"primaryImageOfPage":{"@id":"https:\/\/www.neowell.co\/our-consultancy\/#primaryimage"},"image":{"@id":"https:\/\/www.neowell.co\/our-consultancy\/#primaryimage"},"thumbnailUrl":"https:\/\/www.neowell.co\/wp-content\/uploads\/2025\/09\/client-3.png","datePublished":"2025-11-12T06:17:07+00:00","dateModified":"2025-11-25T13:49:39+00:00","description":"Wir wissen, dass jedes Unternehmen genauso einzigartig ist wie jeder Mensch. Wir arbeiten mit unseren Kunden zusammen, um ihre individuellen Wellness-Bed\u00fcrfnisse und -Ziele zu verstehen.","breadcrumb":{"@id":"https:\/\/www.neowell.co\/our-consultancy\/#breadcrumb"},"inLanguage":"de","potentialAction":[{"@type":"ReadAction","target":["https:\/\/www.neowell.co\/our-consultancy\/"]}]},{"@type":"ImageObject","inLanguage":"de","@id":"https:\/\/www.neowell.co\/our-consultancy\/#primaryimage","url":"https:\/\/www.neowell.co\/wp-content\/uploads\/2025\/09\/client-3.png","contentUrl":"https:\/\/www.neowell.co\/wp-content\/uploads\/2025\/09\/client-3.png"},{"@type":"BreadcrumbList","@id":"https:\/\/www.neowell.co\/our-consultancy\/#breadcrumb","itemListElement":[{"@type":"ListItem","position":1,"name":"Home","item":"https:\/\/www.neowell.co\/"},{"@type":"ListItem","position":2,"name":"Our Consultancy"}]},{"@type":"WebSite","@id":"https:\/\/www.neowell.co\/#website","url":"https:\/\/www.neowell.co\/","name":"Neowell GmbH","description":"","publisher":{"@id":"https:\/\/www.neowell.co\/#organization"},"potentialAction":[{"@type":"SearchAction","target":{"@type":"EntryPoint","urlTemplate":"https:\/\/www.neowell.co\/?s={search_term_string}"},"query-input":{"@type":"PropertyValueSpecification","valueRequired":true,"valueName":"search_term_string"}}],"inLanguage":"de"},{"@type":"Organization","@id":"https:\/\/www.neowell.co\/#organization","name":"Neowell GmbH","url":"https:\/\/www.neowell.co\/","logo":{"@type":"ImageObject","inLanguage":"de","@id":"https:\/\/www.neowell.co\/#\/schema\/logo\/image\/","url":"https:\/\/www.neowell.co\/wp-content\/uploads\/2023\/01\/neowell-newlogo-icon.png","contentUrl":"https:\/\/www.neowell.co\/wp-content\/uploads\/2023\/01\/neowell-newlogo-icon.png","width":512,"height":512,"caption":"Neowell Limited"},"image":{"@id":"https:\/\/www.neowell.co\/#\/schema\/logo\/image\/"}}]}},"_links":{"self":[{"href":"https:\/\/www.neowell.co\/de\/wp-json\/wp\/v2\/pages\/988555","targetHints":{"allow":["GET"]}}],"collection":[{"href":"https:\/\/www.neowell.co\/de\/wp-json\/wp\/v2\/pages"}],"about":[{"href":"https:\/\/www.neowell.co\/de\/wp-json\/wp\/v2\/types\/page"}],"author":[{"embeddable":true,"href":"https:\/\/www.neowell.co\/de\/wp-json\/wp\/v2\/users\/1"}],"replies":[{"embeddable":true,"href":"https:\/\/www.neowell.co\/de\/wp-json\/wp\/v2\/comments?post=988555"}],"version-history":[{"count":16,"href":"https:\/\/www.neowell.co\/de\/wp-json\/wp\/v2\/pages\/988555\/revisions"}],"predecessor-version":[{"id":988835,"href":"https:\/\/www.neowell.co\/de\/wp-json\/wp\/v2\/pages\/988555\/revisions\/988835"}],"wp:attachment":[{"href":"https:\/\/www.neowell.co\/de\/wp-json\/wp\/v2\/media?parent=988555"}],"curies":[{"name":"wp","href":"https:\/\/api.w.org\/{rel}","templated":true}]}}